{"id":1068,"date":"2019-04-02T10:37:59","date_gmt":"2019-04-02T13:37:59","guid":{"rendered":"http:\/\/comdep.dryhop.com.br\/?page_id=1068"},"modified":"2025-01-28T10:49:33","modified_gmt":"2025-01-28T13:49:33","slug":"contato","status":"publish","type":"page","link":"https:\/\/comdep.com.br\/?page_id=1068","title":{"rendered":"Ouvidoria"},"content":{"rendered":"<section class=\"wpb-content-wrapper\"><p>[vc_row][vc_column width=&#8221;1\/2&#8243;][vc_column_text]<\/p>\n<ul class=\"contact-info\">\n<li>\n<h2><span style=\"color: #008000;\"><strong><span class=\"color-primary\">Telefone:<\/span><\/strong><\/span><\/h2>\n<p><strong>Coleta de Lixo Comdep<\/strong><\/p>\n<p><strong>Telefone: 24 &#8211; 2292-9500<\/strong><br \/>\n<strong>Ouvidoria: 24 &#8211; 2292-9500<\/strong><\/li>\n<\/ul>\n<ul class=\"contact-info\">\n<li>\n<h2><span class=\"color-primary\" style=\"color: #008000;\">Endere\u00e7o:<\/span><\/h2>\n<p><strong>Rua General Rondon 400b<\/strong><br \/>\n<strong>Quitandinha, Petr\u00f3polis &#8211; RJ<\/strong><\/li>\n<li>\n<h2><span class=\"color-primary\" style=\"color: #008000;\">Hor\u00e1rio:<\/span><\/h2>\n<p><strong>08:30 \u00e0s 17:30 horas<\/strong><\/li>\n<\/ul>\n<p>[\/vc_column_text][vc_gmaps link=&#8221;#E-8_JTNDaWZyYW1lJTIwc3JjJTNEJTIyaHR0cHMlM0ElMkYlMkZ3d3cuZ29vZ2xlLmNvbSUyRm1hcHMlMkZlbWJlZCUzRnBiJTNEJTIxMW0xOCUyMTFtMTIlMjExbTMlMjExZDM2ODUuMjI0MTk4NjQyNDkyNCUyMTJkLTQzLjIwNjIwNzg4NDY4OTQyJTIxM2QtMjIuNTMzMjcyNzg1MjAyODglMjEybTMlMjExZjAlMjEyZjAlMjEzZjAlMjEzbTIlMjExaTEwMjQlMjEyaTc2OCUyMTRmMTMuMSUyMTNtMyUyMTFtMiUyMTFzMHg5OTA4NTI5YzFjNzI2MSUyNTNBMHgzOTUxOGE0Y2NmMWE1YmFmJTIxMnNSLiUyQkdlbi4lMkJSb25kb24lMjUyQyUyQjQwMGIlMkItJTJCUXVpdGFuZGluaGElMjUyQyUyQlBldHIlMjVDMyUyNUIzcG9saXMlMkItJTJCUkolMjUyQyUyQjI1NjUwLTAyOCUyMTVlMCUyMTNtMiUyMTFzcHQtQlIlMjEyc2JyJTIxNHYxNTU5MjIyODQ4ODQ3JTIxNW0yJTIxMXNwdC1CUiUyMTJzYnIlMjIlMjB3aWR0aCUzRCUyMjYwMCUyMiUyMGhlaWdodCUzRCUyMjQ5MiUyMiUyMGZyYW1lYm9yZGVyJTNEJTIyMCUyMiUyMHN0eWxlJTNEJTIyYm9yZGVyJTNBMCUyMiUyMGFsbG93ZnVsbHNjcmVlbiUzRSUzQyUyRmlmcmFtZSUzRQ==&#8221;][\/vc_column][vc_column width=&#8221;1\/2&#8243;]\n<div class=\"wpcf7 no-js\" id=\"wpcf7-f1420-o1\" lang=\"pt-BR\" dir=\"ltr\">\n<div class=\"screen-reader-response\"><p role=\"status\" aria-live=\"polite\" aria-atomic=\"true\"><\/p> <ul><\/ul><\/div>\n<form action=\"\/index.php?rest_route=%2Fwp%2Fv2%2Fpages%2F1068#wpcf7-f1420-o1\" method=\"post\" class=\"wpcf7-form init\" aria-label=\"Formul\u00e1rios de contato\" novalidate=\"novalidate\" data-status=\"init\">\n<div style=\"display: none;\">\n<input type=\"hidden\" name=\"_wpcf7\" value=\"1420\" \/>\n<input type=\"hidden\" name=\"_wpcf7_version\" value=\"5.9.8\" \/>\n<input type=\"hidden\" name=\"_wpcf7_locale\" value=\"pt_BR\" \/>\n<input type=\"hidden\" name=\"_wpcf7_unit_tag\" value=\"wpcf7-f1420-o1\" \/>\n<input type=\"hidden\" name=\"_wpcf7_container_post\" value=\"0\" \/>\n<input type=\"hidden\" name=\"_wpcf7_posted_data_hash\" value=\"\" \/>\n<\/div>\n<p><label> Seu nome (obrigat\u00f3rio)<br \/>\n<span class=\"wpcf7-form-control-wrap\" data-name=\"your-name\"><input size=\"40\" maxlength=\"400\" class=\"wpcf7-form-control wpcf7-text wpcf7-validates-as-required\" aria-required=\"true\" aria-invalid=\"false\" value=\"\" type=\"text\" name=\"your-name\" \/><\/span> <\/label>\n<\/p>\n<p><label> Seu e-mail (obrigat\u00f3rio)<br \/>\n<span class=\"wpcf7-form-control-wrap\" data-name=\"your-email\"><input size=\"40\" maxlength=\"400\" class=\"wpcf7-form-control wpcf7-email wpcf7-validates-as-required wpcf7-text wpcf7-validates-as-email\" aria-required=\"true\" aria-invalid=\"false\" value=\"\" type=\"email\" name=\"your-email\" \/><\/span> <\/label>\n<\/p>\n<p><label> Seu Telefone (obrigat\u00f3rio)<br \/>\n<span class=\"wpcf7-form-control-wrap\" data-name=\"tel-505\"><input size=\"40\" maxlength=\"400\" class=\"wpcf7-form-control wpcf7-tel wpcf7-validates-as-required wpcf7-text wpcf7-validates-as-tel\" aria-required=\"true\" aria-invalid=\"false\" value=\"\" type=\"tel\" name=\"tel-505\" \/><\/span><\/label>\n<\/p>\n<p><label> Escolha o departamento para envio<br \/>\n<span class=\"wpcf7-form-control-wrap\" data-name=\"departamentos\"><span class=\"wpcf7-form-control wpcf7-checkbox\"><span class=\"wpcf7-list-item first\"><input type=\"checkbox\" name=\"departamentos[]\" value=\"Administrativo\" \/><span class=\"wpcf7-list-item-label\">Administrativo<\/span><\/span><span class=\"wpcf7-list-item\"><input type=\"checkbox\" name=\"departamentos[]\" value=\"Financeiro\" \/><span class=\"wpcf7-list-item-label\">Financeiro<\/span><\/span><span class=\"wpcf7-list-item last\"><input type=\"checkbox\" name=\"departamentos[]\" value=\"T\u00e9cnico\" \/><span class=\"wpcf7-list-item-label\">T\u00e9cnico<\/span><\/span><\/span><\/span><\/label>\n<\/p>\n<p><label> Assunto<br \/>\n<span class=\"wpcf7-form-control-wrap\" data-name=\"your-subject\"><input size=\"40\" maxlength=\"400\" class=\"wpcf7-form-control wpcf7-text\" aria-invalid=\"false\" value=\"\" type=\"text\" name=\"your-subject\" \/><\/span> <\/label>\n<\/p>\n<p><label> Sua mensagem<br \/>\n<span class=\"wpcf7-form-control-wrap\" data-name=\"your-message\"><textarea cols=\"40\" rows=\"10\" maxlength=\"2000\" class=\"wpcf7-form-control wpcf7-textarea\" aria-invalid=\"false\" name=\"your-message\"><\/textarea><\/span> <\/label>\n<\/p>\n<p><input class=\"wpcf7-form-control wpcf7-submit has-spinner\" type=\"submit\" value=\"Enviar\" \/>\n<\/p><div class=\"wpcf7-response-output\" aria-hidden=\"true\"><\/div>\n<\/form>\n<\/div>\n[\/vc_column][\/vc_row]<\/p>\n<\/section>","protected":false},"excerpt":{"rendered":"<p>[vc_row][vc_column width=&#8221;1\/2&#8243;][vc_column_text] Telefone: Coleta de Lixo Comdep Telefone: 24 &#8211; 2292-9500 Ouvidoria: 24 &#8211; 2292-9500 Endere\u00e7o: Rua General Rondon 400b Quitandinha, Petr\u00f3polis &#8211; RJ Hor\u00e1rio: 08:30 \u00e0s 17:30 horas [\/vc_column_text][vc_gmaps link=&#8221;#E-8_JTNDaWZyYW1lJTIwc3JjJTNEJTIyaHR0cHMlM0ElMkYlMkZ3d3cuZ29vZ2xlLmNvbSUyRm1hcHMlMkZlbWJlZCUzRnBiJTNEJTIxMW0xOCUyMTFtMTIlMjExbTMlMjExZDM2ODUuMjI0MTk4NjQyNDkyNCUyMTJkLTQzLjIwNjIwNzg4NDY4OTQyJTIxM2QtMjIuNTMzMjcyNzg1MjAyODglMjEybTMlMjExZjAlMjEyZjAlMjEzZjAlMjEzbTIlMjExaTEwMjQlMjEyaTc2OCUyMTRmMTMuMSUyMTNtMyUyMTFtMiUyMTFzMHg5OTA4NTI5YzFjNzI2MSUyNTNBMHgzOTUxOGE0Y2NmMWE1YmFmJTIxMnNSLiUyQkdlbi4lMkJSb25kb24lMjUyQyUyQjQwMGIlMkItJTJCUXVpdGFuZGluaGElMjUyQyUyQlBldHIlMjVDMyUyNUIzcG9saXMlMkItJTJCUkolMjUyQyUyQjI1NjUwLTAyOCUyMTVlMCUyMTNtMiUyMTFzcHQtQlIlMjEyc2JyJTIxNHYxNTU5MjIyODQ4ODQ3JTIxNW0yJTIxMXNwdC1CUiUyMTJzYnIlMjIlMjB3aWR0aCUzRCUyMjYwMCUyMiUyMGhlaWdodCUzRCUyMjQ5MiUyMiUyMGZyYW1lYm9yZGVyJTNEJTIyMCUyMiUyMHN0eWxlJTNEJTIyYm9yZGVyJTNBMCUyMiUyMGFsbG93ZnVsbHNjcmVlbiUzRSUzQyUyRmlmcmFtZSUzRQ==&#8221;][\/vc_column][vc_column width=&#8221;1\/2&#8243;][\/vc_column][\/vc_row]<\/p>\n","protected":false},"author":1,"featured_media":0,"parent":0,"menu_order":0,"comment_status":"closed","ping_status":"closed","template":"","meta":{"_themeisle_gutenberg_block_has_review":false,"footnotes":""},"_links":{"self":[{"href":"https:\/\/comdep.com.br\/index.php?rest_route=\/wp\/v2\/pages\/1068"}],"collection":[{"href":"https:\/\/comdep.com.br\/index.php?rest_route=\/wp\/v2\/pages"}],"about":[{"href":"https:\/\/comdep.com.br\/index.php?rest_route=\/wp\/v2\/types\/page"}],"author":[{"embeddable":true,"href":"https:\/\/comdep.com.br\/index.php?rest_route=\/wp\/v2\/users\/1"}],"replies":[{"embeddable":true,"href":"https:\/\/comdep.com.br\/index.php?rest_route=%2Fwp%2Fv2%2Fcomments&post=1068"}],"version-history":[{"count":25,"href":"https:\/\/comdep.com.br\/index.php?rest_route=\/wp\/v2\/pages\/1068\/revisions"}],"predecessor-version":[{"id":16128,"href":"https:\/\/comdep.com.br\/index.php?rest_route=\/wp\/v2\/pages\/1068\/revisions\/16128"}],"wp:attachment":[{"href":"https:\/\/comdep.com.br\/index.php?rest_route=%2Fwp%2Fv2%2Fmedia&parent=1068"}],"curies":[{"name":"wp","href":"https:\/\/api.w.org\/{rel}","templated":true}]}}