{"id":12278,"date":"2023-06-16T17:37:03","date_gmt":"2023-06-16T20:37:03","guid":{"rendered":"http:\/\/comdep.com.br\/?page_id=12278"},"modified":"2023-06-27T15:52:24","modified_gmt":"2023-06-27T18:52:24","slug":"concurso-publico-2022-2","status":"publish","type":"page","link":"https:\/\/comdep.com.br\/?page_id=12278","title":{"rendered":"Chamamento Processo Seletivo"},"content":{"rendered":"<h4><strong>Clique no link para baixar o arquivo desejado:<\/strong><\/h4>\n<hr>\n<ul>\n<li><a href=\"http:\/\/comdep.com.br\/wp-content\/uploads\/2023\/06\/EDITAL_CHAMAMENTO_PROC_SELETIVO.pdf\" target=\"_blank\" rel=\"noopener\"><strong>&#8211; EDITAL CHAMAMENTO PROCESSO SELETIVO<\/strong><\/a><\/li>\n<\/ul>\n<hr>\n\n\n<ul>\r\n<li><a href=\"http:\/\/comdep.com.br\/wp-content\/uploads\/2023\/06\/RESULTADO_FINAL_DE_CLASSIFICACAO_PROCESSO_SELETIVO_001-2023.pdf\" rel=\"noopener\"><strong>RESULTADO FINAL DE CLASSIFICA\u00c7\u00c3O DOS INSCRITOS NO PROCESSO SELETIVO DE MAO DE OBRA<\/strong><\/a><\/li>\r\n<\/ul>\r\n<hr \/>\r\n<p>\n\n<\/p>\r\n<p><mark class=\"has-inline-color has-accent-color\" style=\"background-color: rgba(0, 255, 0, 0);\"><strong>\n\n<\/strong><\/mark><\/p>\r\n<ul>\r\n<li><mark class=\"has-inline-color has-accent-color\" style=\"background-color: rgba(0, 255, 0, 0);\"><mark class=\"has-inline-color has-accent-color\" style=\"background-color: rgba(0, 255, 0, 0);\"><mark class=\"has-inline-color has-accent-color\" style=\"background-color: rgba(0, 255, 0, 0);\"><strong><a href=\"http:\/\/comdep.com.br\/wp-content\/uploads\/2023\/06\/CLASSIFICACAO_FINAL_APOS_FASE_RECURSO.pdf\">CLASSIFICA\u00c7\u00c3O FINAL AP\u00d3S A FASE DE RECURSO<\/a><br \/><\/strong><\/mark><\/mark><\/mark><\/li>\r\n<\/ul>\r\n<hr \/>\r\n<p><strong>RETIFICA\u00c7\u00c3O DO ENDERE\u00c7O DA COMDEP: Rua General Rondon, 400-B \u2013 Quitandinha \u2013 Petr\u00f3polis-RJ<\/strong><\/p>\n\n\n","protected":false},"excerpt":{"rendered":"<p>Clique no link para baixar o arquivo desejado: &#8211; EDITAL CHAMAMENTO PROCESSO SELETIVO<\/p>\n","protected":false},"author":1,"featured_media":0,"parent":0,"menu_order":0,"comment_status":"closed","ping_status":"closed","template":"","meta":{"_themeisle_gutenberg_block_has_review":false,"footnotes":""},"_links":{"self":[{"href":"https:\/\/comdep.com.br\/index.php?rest_route=\/wp\/v2\/pages\/12278"}],"collection":[{"href":"https:\/\/comdep.com.br\/index.php?rest_route=\/wp\/v2\/pages"}],"about":[{"href":"https:\/\/comdep.com.br\/index.php?rest_route=\/wp\/v2\/types\/page"}],"author":[{"embeddable":true,"href":"https:\/\/comdep.com.br\/index.php?rest_route=\/wp\/v2\/users\/1"}],"replies":[{"embeddable":true,"href":"https:\/\/comdep.com.br\/index.php?rest_route=%2Fwp%2Fv2%2Fcomments&post=12278"}],"version-history":[{"count":22,"href":"https:\/\/comdep.com.br\/index.php?rest_route=\/wp\/v2\/pages\/12278\/revisions"}],"predecessor-version":[{"id":12444,"href":"https:\/\/comdep.com.br\/index.php?rest_route=\/wp\/v2\/pages\/12278\/revisions\/12444"}],"wp:attachment":[{"href":"https:\/\/comdep.com.br\/index.php?rest_route=%2Fwp%2Fv2%2Fmedia&parent=12278"}],"curies":[{"name":"wp","href":"https:\/\/api.w.org\/{rel}","templated":true}]}}