{"id":1359,"date":"2019-04-30T09:55:37","date_gmt":"2019-04-30T12:55:37","guid":{"rendered":"http:\/\/comdep.dryhop.com.br\/?page_id=1359"},"modified":"2025-01-28T10:47:44","modified_gmt":"2025-01-28T13:47:44","slug":"disque-entulho","status":"publish","type":"page","link":"https:\/\/comdep.com.br\/?page_id=1359","title":{"rendered":"Disque Entulho"},"content":{"rendered":"<section class=\"wpb-content-wrapper\"><p>[vc_row][vc_column][vc_column_text]O Servi\u00e7o de Disque Entulho ser\u00e1 executado de forma gratuita por solicita\u00e7\u00e3o do usu\u00e1rio, atrav\u00e9s de liga\u00e7\u00e3o telef\u00f4nica para Ouvidoria da Comdep, fone <strong>2292-9500<\/strong>, onde ser\u00e1 gerada uma ordem de servi\u00e7o pelo Setor Operacional que informar\u00e1 ao contribuinte n\u00famero de protocolo e data da coleta. Volume m\u00e1ximo a ser coletado 20 sacos com peso aproximado de 25 quilos,\u00a0 cabendo ao mesmo coloc\u00e1-los a disposi\u00e7\u00e3o do servi\u00e7o na data informada.[\/vc_column_text][\/vc_column][\/vc_row][vc_row][vc_column]<div class=\"ult-spacer spacer-69ed1b4297b78\" data-id=\"69ed1b4297b78\" data-height=\"\" data-height-mobile=\"\" data-height-tab=\"\" data-height-tab-portrait=\"\" data-height-mobile-landscape=\"\" style=\"clear:both;display:block;\"><\/div>[\/vc_column][\/vc_row][vc_row][vc_column][vc_custom_heading text=&#8221;DISQUE ENTULHO&#8221; font_container=&#8221;tag:h3|text_align:left|color:%23ffffff&#8221; use_theme_fonts=&#8221;yes&#8221; css=&#8221;.vc_custom_1556628723761{padding-top: 4px !important;padding-right: 4px !important;padding-bottom: 4px !important;padding-left: 30px !important;background-color: #00a217 !important;border-radius: 5px !important;}&#8221;][\/vc_column][\/vc_row][vc_row][vc_column width=&#8221;1\/2&#8243;][vc_column_text]1) Coleta com data marcada;<br \/>\n2) At\u00e9 20 sacos de entulho com 25 quilos.;<br \/>\n3) Coleta realizada mediante a ordem de servi\u00e7o, assinada pelo contribuinte confirmando o servi\u00e7o prestado;<br \/>\n4) Retorno por parte da Comdep ao contribuinte (grau de satisfa\u00e7\u00e3o).[\/vc_column_text][\/vc_column][\/vc_row][vc_row][vc_column][vc_single_image image=&#8221;16125&#8243; img_size=&#8221;277X256&#8243; add_caption=&#8221;yes&#8221; alignment=&#8221;center&#8221; onclick=&#8221;custom_link&#8221; img_link_target=&#8221;_blank&#8221; link=&#8221;http:\/\/comdep.com.br\/?page_id=1068&#8243; title=&#8221;DISK ENTULHO&#8221;][\/vc_column][\/vc_row]<\/p>\n<\/section>","protected":false},"excerpt":{"rendered":"<p>[vc_row][vc_column][vc_column_text]O Servi\u00e7o de Disque Entulho ser\u00e1 executado de forma gratuita por solicita\u00e7\u00e3o do usu\u00e1rio, atrav\u00e9s de liga\u00e7\u00e3o telef\u00f4nica para Ouvidoria da Comdep, fone 2292-9500, onde ser\u00e1 gerada uma ordem de servi\u00e7o pelo Setor Operacional que informar\u00e1 ao contribuinte n\u00famero de protocolo e data da coleta. Volume m\u00e1ximo a ser coletado 20 sacos com peso aproximado&hellip;<\/p>\n","protected":false},"author":1,"featured_media":0,"parent":0,"menu_order":0,"comment_status":"closed","ping_status":"closed","template":"","meta":{"_themeisle_gutenberg_block_has_review":false,"footnotes":""},"_links":{"self":[{"href":"https:\/\/comdep.com.br\/index.php?rest_route=\/wp\/v2\/pages\/1359"}],"collection":[{"href":"https:\/\/comdep.com.br\/index.php?rest_route=\/wp\/v2\/pages"}],"about":[{"href":"https:\/\/comdep.com.br\/index.php?rest_route=\/wp\/v2\/types\/page"}],"author":[{"embeddable":true,"href":"https:\/\/comdep.com.br\/index.php?rest_route=\/wp\/v2\/users\/1"}],"replies":[{"embeddable":true,"href":"https:\/\/comdep.com.br\/index.php?rest_route=%2Fwp%2Fv2%2Fcomments&post=1359"}],"version-history":[{"count":12,"href":"https:\/\/comdep.com.br\/index.php?rest_route=\/wp\/v2\/pages\/1359\/revisions"}],"predecessor-version":[{"id":16126,"href":"https:\/\/comdep.com.br\/index.php?rest_route=\/wp\/v2\/pages\/1359\/revisions\/16126"}],"wp:attachment":[{"href":"https:\/\/comdep.com.br\/index.php?rest_route=%2Fwp%2Fv2%2Fmedia&parent=1359"}],"curies":[{"name":"wp","href":"https:\/\/api.w.org\/{rel}","templated":true}]}}