{"id":1414,"date":"2019-07-04T13:43:13","date_gmt":"2019-07-04T16:43:13","guid":{"rendered":"http:\/\/comdep.dryhop.com.br\/?page_id=1414"},"modified":"2019-10-29T21:39:31","modified_gmt":"2019-10-30T00:39:31","slug":"comprovante-de-rendimento","status":"publish","type":"page","link":"https:\/\/comdep.com.br\/?page_id=1414","title":{"rendered":"Comprovante de Rendimento"},"content":{"rendered":"<section class=\"wpb-content-wrapper\"><p>[vc_row][vc_column][vc_column_text]<\/p>\n<h3 style=\"text-align: center;\"><span style=\"color: #ff0000;\">ATEN\u00c7\u00c3O: P\u00c1GINA EM MANUTEN\u00c7\u00c3O.<\/span><\/h3>\n<p>[\/vc_column_text][\/vc_column][\/vc_row]<\/p>\n<\/section>","protected":false},"excerpt":{"rendered":"<p>[vc_row][vc_column][vc_column_text] ATEN\u00c7\u00c3O: P\u00c1GINA EM MANUTEN\u00c7\u00c3O. [\/vc_column_text][\/vc_column][\/vc_row]<\/p>\n","protected":false},"author":1,"featured_media":0,"parent":0,"menu_order":0,"comment_status":"closed","ping_status":"closed","template":"","meta":{"_themeisle_gutenberg_block_has_review":false,"footnotes":""},"_links":{"self":[{"href":"https:\/\/comdep.com.br\/index.php?rest_route=\/wp\/v2\/pages\/1414"}],"collection":[{"href":"https:\/\/comdep.com.br\/index.php?rest_route=\/wp\/v2\/pages"}],"about":[{"href":"https:\/\/comdep.com.br\/index.php?rest_route=\/wp\/v2\/types\/page"}],"author":[{"embeddable":true,"href":"https:\/\/comdep.com.br\/index.php?rest_route=\/wp\/v2\/users\/1"}],"replies":[{"embeddable":true,"href":"https:\/\/comdep.com.br\/index.php?rest_route=%2Fwp%2Fv2%2Fcomments&post=1414"}],"version-history":[{"count":3,"href":"https:\/\/comdep.com.br\/index.php?rest_route=\/wp\/v2\/pages\/1414\/revisions"}],"predecessor-version":[{"id":1680,"href":"https:\/\/comdep.com.br\/index.php?rest_route=\/wp\/v2\/pages\/1414\/revisions\/1680"}],"wp:attachment":[{"href":"https:\/\/comdep.com.br\/index.php?rest_route=%2Fwp%2Fv2%2Fmedia&parent=1414"}],"curies":[{"name":"wp","href":"https:\/\/api.w.org\/{rel}","templated":true}]}}