{"id":16416,"date":"2025-04-02T16:36:39","date_gmt":"2025-04-02T19:36:39","guid":{"rendered":"http:\/\/comdep.com.br\/?page_id=16416"},"modified":"2025-04-02T16:36:40","modified_gmt":"2025-04-02T19:36:40","slug":"ficha-de-ouvidoria","status":"publish","type":"page","link":"https:\/\/comdep.com.br\/?page_id=16416","title":{"rendered":"FICHA DE OUVIDORIA"},"content":{"rendered":"<div class=\"wpforms-container wpforms-container-full wpforms-block wpforms-block-2be88c63-7968-4ae1-ae9d-06444b9b86f2\" id=\"wpforms-12791\"><form id=\"wpforms-form-12791\" class=\"wpforms-validate wpforms-form wpforms-ajax-form\" data-formid=\"12791\" method=\"post\" enctype=\"multipart\/form-data\" action=\"\/index.php?rest_route=%2Fwp%2Fv2%2Fpages%2F16416\" data-token=\"3e8d71f4a2b0f29f2a3d9eceee28e9aa\" data-token-time=\"1776399509\"><noscript class=\"wpforms-error-noscript\">Ative o JavaScript no seu navegador para preencher este formul\u00e1rio.<\/noscript><div class=\"wpforms-field-container\"><div id=\"wpforms-12791-field_0-container\" class=\"wpforms-field wpforms-field-name\" data-field-id=\"0\"><label class=\"wpforms-field-label\">Nome (opcional)<\/label><div class=\"wpforms-field-row wpforms-field-medium\"><div class=\"wpforms-field-row-block wpforms-first wpforms-one-half\"><input type=\"text\" id=\"wpforms-12791-field_0\" class=\"wpforms-field-name-first\" name=\"wpforms[fields][0][first]\" ><label for=\"wpforms-12791-field_0\" class=\"wpforms-field-sublabel after\">Nome<\/label><\/div><div class=\"wpforms-field-row-block wpforms-one-half\"><input type=\"text\" id=\"wpforms-12791-field_0-last\" class=\"wpforms-field-name-last\" name=\"wpforms[fields][0][last]\" ><label for=\"wpforms-12791-field_0-last\" class=\"wpforms-field-sublabel after\">Sobrenome<\/label><\/div><\/div><\/div><div id=\"wpforms-12791-field_9-container\" class=\"wpforms-field wpforms-field-text\" data-field-id=\"9\"><label class=\"wpforms-field-label\" for=\"wpforms-12791-field_9\">Matr\u00edcula<\/label><input type=\"text\" id=\"wpforms-12791-field_9\" class=\"wpforms-field-medium\" name=\"wpforms[fields][9]\" ><div class=\"wpforms-field-description\">Opcional<\/div><\/div><div id=\"wpforms-12791-field_10-container\" class=\"wpforms-field wpforms-field-text\" data-field-id=\"10\"><label class=\"wpforms-field-label\" for=\"wpforms-12791-field_10\">Setor (opcional)<\/label><input type=\"text\" id=\"wpforms-12791-field_10\" class=\"wpforms-field-medium\" name=\"wpforms[fields][10]\" ><\/div><div id=\"wpforms-12791-field_4-container\" class=\"wpforms-field wpforms-field-text\" data-field-id=\"4\"><label class=\"wpforms-field-label\" for=\"wpforms-12791-field_4\">Telefone (opcional)<\/label><input type=\"text\" id=\"wpforms-12791-field_4\" class=\"wpforms-field-medium\" name=\"wpforms[fields][4]\" ><div class=\"wpforms-field-description\">Coloque o n\u00famero do celular com o DDD<\/div><\/div><div id=\"wpforms-12791-field_11-container\" class=\"wpforms-field wpforms-field-checkbox\" data-field-id=\"11\"><label class=\"wpforms-field-label\">Tipo de ocorr\u00eancia:<\/label><ul id=\"wpforms-12791-field_11\"><li class=\"choice-1 depth-1\"><input type=\"checkbox\" id=\"wpforms-12791-field_11_1\" name=\"wpforms[fields][11][]\" value=\"Bullying\"  ><label class=\"wpforms-field-label-inline\" for=\"wpforms-12791-field_11_1\">Bullying<\/label><\/li><li class=\"choice-2 depth-1\"><input type=\"checkbox\" id=\"wpforms-12791-field_11_2\" name=\"wpforms[fields][11][]\" value=\"Ass\u00e9dio moral\"  ><label class=\"wpforms-field-label-inline\" for=\"wpforms-12791-field_11_2\">Ass\u00e9dio moral<\/label><\/li><li class=\"choice-3 depth-1\"><input type=\"checkbox\" id=\"wpforms-12791-field_11_3\" name=\"wpforms[fields][11][]\" value=\"Ambos\"  ><label class=\"wpforms-field-label-inline\" for=\"wpforms-12791-field_11_3\">Ambos<\/label><\/li><\/ul><\/div><div id=\"wpforms-12791-field_12-container\" class=\"wpforms-field wpforms-field-text\" data-field-id=\"12\"><label class=\"wpforms-field-label\" for=\"wpforms-12791-field_12\">Outro tipo de ocorr\u00eancia (descreva)<\/label><input type=\"text\" id=\"wpforms-12791-field_12\" class=\"wpforms-field-medium\" name=\"wpforms[fields][12]\" ><\/div><div id=\"wpforms-12791-field_13-container\" class=\"wpforms-field wpforms-field-checkbox\" data-field-id=\"13\"><label class=\"wpforms-field-label\">A ocorr\u00eancia foi praticada contra:<\/label><ul id=\"wpforms-12791-field_13\"><li class=\"choice-1 depth-1\"><input type=\"checkbox\" id=\"wpforms-12791-field_13_1\" name=\"wpforms[fields][13][]\" value=\"Mim\"  ><label class=\"wpforms-field-label-inline\" for=\"wpforms-12791-field_13_1\">Mim<\/label><\/li><li class=\"choice-2 depth-1\"><input type=\"checkbox\" id=\"wpforms-12791-field_13_2\" name=\"wpforms[fields][13][]\" value=\"Outra pessoa\"  ><label class=\"wpforms-field-label-inline\" for=\"wpforms-12791-field_13_2\">Outra pessoa<\/label><\/li><\/ul><\/div><div id=\"wpforms-12791-field_14-container\" class=\"wpforms-field wpforms-field-text\" data-field-id=\"14\"><label class=\"wpforms-field-label\" for=\"wpforms-12791-field_14\">Se for outra pessoa, qual setor\/\u00e1rea a pessoa trabalha? (opcional)<\/label><input type=\"text\" id=\"wpforms-12791-field_14\" class=\"wpforms-field-medium\" name=\"wpforms[fields][14]\" ><\/div><div id=\"wpforms-12791-field_2-container\" class=\"wpforms-field wpforms-field-textarea\" data-field-id=\"2\"><label class=\"wpforms-field-label\" for=\"wpforms-12791-field_2\">Descreva o que aconteceu: <span class=\"wpforms-required-label\">*<\/span><\/label><textarea id=\"wpforms-12791-field_2\" class=\"wpforms-field-medium wpforms-field-required\" name=\"wpforms[fields][2]\" required><\/textarea><div class=\"wpforms-field-description\">Inclua informa\u00e7\u00f5es como: o que ocorreu, como ocorreu, frases ou comportamentos, se aconteceu mais de uma vez e qualquer detalhe que ajude a compreender a situa\u00e7\u00e3o.<\/div><\/div><div id=\"wpforms-12791-field_15-container\" class=\"wpforms-field wpforms-field-checkbox\" data-field-id=\"15\"><label class=\"wpforms-field-label\">Quando aconteceu?<\/label><ul id=\"wpforms-12791-field_15\"><li class=\"choice-1 depth-1\"><input type=\"checkbox\" id=\"wpforms-12791-field_15_1\" name=\"wpforms[fields][15][]\" value=\"Hoje\"  ><label class=\"wpforms-field-label-inline\" for=\"wpforms-12791-field_15_1\">Hoje<\/label><\/li><li class=\"choice-2 depth-1\"><input type=\"checkbox\" id=\"wpforms-12791-field_15_2\" name=\"wpforms[fields][15][]\" value=\"Nesta semana\"  ><label class=\"wpforms-field-label-inline\" for=\"wpforms-12791-field_15_2\">Nesta semana<\/label><\/li><li class=\"choice-3 depth-1\"><input type=\"checkbox\" id=\"wpforms-12791-field_15_3\" name=\"wpforms[fields][15][]\" value=\"Neste m\u00eas\"  ><label class=\"wpforms-field-label-inline\" for=\"wpforms-12791-field_15_3\">Neste m\u00eas<\/label><\/li><\/ul><\/div><div id=\"wpforms-12791-field_16-container\" class=\"wpforms-field wpforms-field-text\" data-field-id=\"16\"><label class=\"wpforms-field-label\" for=\"wpforms-12791-field_16\">Data espec\u00edfica (se souber): <\/label><input type=\"text\" id=\"wpforms-12791-field_16\" class=\"wpforms-field-medium\" name=\"wpforms[fields][16]\" ><\/div><div id=\"wpforms-12791-field_17-container\" class=\"wpforms-field wpforms-field-text\" data-field-id=\"17\"><label class=\"wpforms-field-label\" for=\"wpforms-12791-field_17\">Local da ocorr\u00eancia:<\/label><input type=\"text\" id=\"wpforms-12791-field_17\" class=\"wpforms-field-medium\" name=\"wpforms[fields][17]\" ><\/div><div id=\"wpforms-12791-field_18-container\" class=\"wpforms-field wpforms-field-checkbox\" data-field-id=\"18\"><label class=\"wpforms-field-label\">H\u00e1 testemunhas?<\/label><ul id=\"wpforms-12791-field_18\"><li class=\"choice-1 depth-1\"><input type=\"checkbox\" id=\"wpforms-12791-field_18_1\" name=\"wpforms[fields][18][]\" value=\"Sim\"  ><label class=\"wpforms-field-label-inline\" for=\"wpforms-12791-field_18_1\">Sim<\/label><\/li><li class=\"choice-2 depth-1\"><input type=\"checkbox\" id=\"wpforms-12791-field_18_2\" name=\"wpforms[fields][18][]\" value=\"N\u00e3o\"  ><label class=\"wpforms-field-label-inline\" for=\"wpforms-12791-field_18_2\">N\u00e3o<\/label><\/li><\/ul><\/div><div id=\"wpforms-12791-field_19-container\" class=\"wpforms-field wpforms-field-text\" data-field-id=\"19\"><label class=\"wpforms-field-label\" for=\"wpforms-12791-field_19\">Se sim, descreva (nomes opcionais):<\/label><input type=\"text\" id=\"wpforms-12791-field_19\" class=\"wpforms-field-medium\" name=\"wpforms[fields][19]\" ><\/div><div id=\"wpforms-12791-field_21-container\" class=\"wpforms-field wpforms-field-radio\" data-field-id=\"21\"><label class=\"wpforms-field-label\">Voc\u00ea j\u00e1 comunicou algu\u00e9m sobre o ocorrido?<\/label><ul id=\"wpforms-12791-field_21\"><li class=\"choice-1 depth-1\"><input type=\"radio\" id=\"wpforms-12791-field_21_1\" name=\"wpforms[fields][21]\" value=\"Sim\"  ><label class=\"wpforms-field-label-inline\" for=\"wpforms-12791-field_21_1\">Sim<\/label><\/li><li class=\"choice-2 depth-1\"><input type=\"radio\" id=\"wpforms-12791-field_21_2\" name=\"wpforms[fields][21]\" value=\"N\u00e3o\"  ><label class=\"wpforms-field-label-inline\" for=\"wpforms-12791-field_21_2\">N\u00e3o<\/label><\/li><\/ul><\/div><div id=\"wpforms-12791-field_22-container\" class=\"wpforms-field wpforms-field-text\" data-field-id=\"22\"><label class=\"wpforms-field-label\" for=\"wpforms-12791-field_22\">Se SIM &#8211; a quem?<\/label><input type=\"text\" id=\"wpforms-12791-field_22\" class=\"wpforms-field-medium\" name=\"wpforms[fields][22]\" ><\/div><div id=\"wpforms-12791-field_23-container\" class=\"wpforms-field wpforms-field-radio\" data-field-id=\"23\"><label class=\"wpforms-field-label\">Deseja receber um retorno relacionado \u00e0s medidas tomadas? Se SIM deixe seu email abaixo:<\/label><ul id=\"wpforms-12791-field_23\"><li class=\"choice-1 depth-1\"><input type=\"radio\" id=\"wpforms-12791-field_23_1\" name=\"wpforms[fields][23]\" value=\"SIm\"  ><label class=\"wpforms-field-label-inline\" for=\"wpforms-12791-field_23_1\">SIm<\/label><\/li><li class=\"choice-2 depth-1\"><input type=\"radio\" id=\"wpforms-12791-field_23_2\" name=\"wpforms[fields][23]\" value=\"N\u00e3o\"  ><label class=\"wpforms-field-label-inline\" for=\"wpforms-12791-field_23_2\">N\u00e3o<\/label><\/li><\/ul><\/div><div id=\"wpforms-12791-field_5-container\" class=\"wpforms-field wpforms-field-email\" data-field-id=\"5\"><label class=\"wpforms-field-label\" for=\"wpforms-12791-field_5\">E-mail<\/label><input type=\"email\" id=\"wpforms-12791-field_5\" class=\"wpforms-field-medium\" name=\"wpforms[fields][5]\" spellcheck=\"false\" ><div class=\"wpforms-field-description\">Obs.: Em den\u00fancias an\u00f4nimas, o retorno s\u00f3 ocorre se houver canal informado (e-mail ou telefone).<\/div><\/div><\/div><!-- .wpforms-field-container --><div class=\"wpforms-submit-container\" ><input type=\"hidden\" name=\"wpforms[id]\" value=\"12791\"><input type=\"hidden\" name=\"page_title\" value=\"\"><input type=\"hidden\" name=\"page_url\" value=\"https:\/\/comdep.com.br\/index.php?rest_route=\/wp\/v2\/pages\/16416\"><input type=\"hidden\" name=\"url_referer\" value=\"\"><button type=\"submit\" name=\"wpforms[submit]\" id=\"wpforms-submit-12791\" class=\"wpforms-submit\" data-alt-text=\"Enviando sua manifesta\u00e7\u00e3o...\" data-submit-text=\"Enviar\" aria-live=\"assertive\" value=\"wpforms-submit\">Enviar<\/button><img loading=\"lazy\" decoding=\"async\" src=\"https:\/\/comdep.com.br\/wp-content\/plugins\/wpforms-lite\/assets\/images\/submit-spin.svg\" class=\"wpforms-submit-spinner\" style=\"display: none;\" width=\"26\" height=\"26\" alt=\"Carregando\"><\/div><\/form><\/div>  <!-- .wpforms-container -->","protected":false},"excerpt":{"rendered":"","protected":false},"author":1,"featured_media":0,"parent":0,"menu_order":0,"comment_status":"closed","ping_status":"closed","template":"","meta":{"_themeisle_gutenberg_block_has_review":false,"footnotes":""},"_links":{"self":[{"href":"https:\/\/comdep.com.br\/index.php?rest_route=\/wp\/v2\/pages\/16416"}],"collection":[{"href":"https:\/\/comdep.com.br\/index.php?rest_route=\/wp\/v2\/pages"}],"about":[{"href":"https:\/\/comdep.com.br\/index.php?rest_route=\/wp\/v2\/types\/page"}],"author":[{"embeddable":true,"href":"https:\/\/comdep.com.br\/index.php?rest_route=\/wp\/v2\/users\/1"}],"replies":[{"embeddable":true,"href":"https:\/\/comdep.com.br\/index.php?rest_route=%2Fwp%2Fv2%2Fcomments&post=16416"}],"version-history":[{"count":1,"href":"https:\/\/comdep.com.br\/index.php?rest_route=\/wp\/v2\/pages\/16416\/revisions"}],"predecessor-version":[{"id":16417,"href":"https:\/\/comdep.com.br\/index.php?rest_route=\/wp\/v2\/pages\/16416\/revisions\/16417"}],"wp:attachment":[{"href":"https:\/\/comdep.com.br\/index.php?rest_route=%2Fwp%2Fv2%2Fmedia&parent=16416"}],"curies":[{"name":"wp","href":"https:\/\/api.w.org\/{rel}","templated":true}]}}