{"id":1679,"date":"2019-10-29T21:48:51","date_gmt":"2019-10-30T00:48:51","guid":{"rendered":"http:\/\/comdep.com.br\/?page_id=1679"},"modified":"2025-01-28T11:05:54","modified_gmt":"2025-01-28T14:05:54","slug":"faq","status":"publish","type":"page","link":"https:\/\/comdep.com.br\/?page_id=1679","title":{"rendered":"FAQ"},"content":{"rendered":"<section class=\"wpb-content-wrapper\"><p>[vc_row][vc_column][vc_custom_heading text=&#8221;Consulte abaixo as perguntas mais frequentes.&#8221; font_container=&#8221;tag:h3|text_align:left|color:%23ffffff&#8221; use_theme_fonts=&#8221;yes&#8221; css=&#8221;.vc_custom_1572401228165{padding-top: 4px !important;padding-right: 4px !important;padding-bottom: 4px !important;padding-left: 30px !important;background-color: #00a217 !important;border-radius: 5px !important;}&#8221;][\/vc_column][\/vc_row][vc_row][vc_column][vc_tta_accordion][vc_tta_section title=&#8221;Como fa\u00e7o para solicitar o recolhimento de entulhos, res\u00edduos ou lixo verde em via p\u00fablica?&#8221; tab_id=&#8221;1572392731675-991c6d4e-12d8&#8243;][vc_column_text]Voc\u00ea dever\u00e1 ligar para a Comdep e solicitar a retirada informando onde se encontra o entulho ou res\u00edduo.[\/vc_column_text][\/vc_tta_section][vc_tta_section title=&#8221;Como fa\u00e7o para solicitar uma capina manual ou ro\u00e7ada mec\u00e2nica?&#8221; tab_id=&#8221;1572392731686-50cba378-af24&#8243;][vc_column_text]Voc\u00ea dever\u00e1 ligar para a Comdep e informar o local onde necessita da capina.[\/vc_column_text][\/vc_tta_section][vc_tta_section title=&#8221;Como adquirir uma limpeza de c\u00f3rrego, rio ou canaletas em via p\u00fablica?&#8221; tab_id=&#8221;1572392844292-0fe14618-7c7d&#8221;][vc_column_text]Voc\u00ea dever\u00e1 ligar para a Comdep e informar o local onde necessita da limpeza.[\/vc_column_text][\/vc_tta_section][vc_tta_section title=&#8221;Como fa\u00e7o para solicitar retirada de barreira em via p\u00fablica?&#8221; tab_id=&#8221;1572392871372-5762e19f-97c0&#8243;][vc_column_text]Inicialmente voc\u00ea dever\u00e1 ligar para a Defesa Civil informando o local do desmoronamento de terra Ser\u00e1 gerado um R.O. (Relat\u00f3rio de Ocorr\u00eancia), e ap\u00f3s, entrar em contato com a Comdep solicitando a retirada do mesmo.[\/vc_column_text][\/vc_tta_section][vc_tta_section title=&#8221;Como fa\u00e7o para solicitar o servi\u00e7o de varri\u00e7\u00e3o em via p\u00fablica?&#8221; tab_id=&#8221;1572392898886-2503842a-c1b9&#8243;][vc_column_text]Voc\u00ea dever\u00e1 ligar para a Comdep e informar o local onde necessita da varri\u00e7\u00e3o.[\/vc_column_text][\/vc_tta_section][vc_tta_section title=&#8221;Encontrei um animal morto em via p\u00fablica, como solicito a sua retirada?&#8221; tab_id=&#8221;1572393012651-b5c048f4-ba25&#8243;][vc_column_text]Voc\u00ea dever\u00e1 ligar para a Comdep, informar o porte (tamanho) do animal e o local onde o mesmo se encontra.[\/vc_column_text][\/vc_tta_section][vc_tta_section title=&#8221;Como obtenho uma supress\u00e3o ou poda de \u00e1rvore que est\u00e1 em risco de queda em via p\u00fablica?&#8221; tab_id=&#8221;1572393048457-7a16c079-f520&#8243;][vc_column_text]Voc\u00ea dever\u00e1 ligar para a Secretaria de Meio Ambiente, solicitar uma vistoria t\u00e9cnica na \u00e1rvore, e informar a necessidade da urg\u00eancia para o repasse do laudo \u00e0 Comdep para a execu\u00e7\u00e3o do servi\u00e7o.[\/vc_column_text][\/vc_tta_section][vc_tta_section title=&#8221;Como solicito uma limpeza ou manuten\u00e7\u00e3o de jardim em parquinho?&#8221; tab_id=&#8221;1572393094299-4b7c9833-098a&#8221;][vc_column_text]Voc\u00ea dever\u00e1 ligar para a Comdep e informar onde fica o parquinho do qual necessita o servi\u00e7o.[\/vc_column_text][\/vc_tta_section][vc_tta_section title=&#8221;Como solicito o empr\u00e9stimo de barracas e palcos para eventos no bairro onde moro?&#8221; tab_id=&#8221;1572393123154-37062fd7-44e2&#8243;][vc_column_text]Voc\u00ea dever\u00e1 fazer um of\u00edcio ao Gabinete do Prefeito, informando a quantidade de palcos e\/ou barracas, local onde os mesmos ser\u00e3o utilizados, data para a montagem e desmontagem.[\/vc_column_text][\/vc_tta_section][vc_tta_section title=&#8221;A Comdep recolhe entulhos de resid\u00eancias e outros?&#8221; tab_id=&#8221;1572393159103-589b89d6-8d35&#8243;][vc_column_text]Sim, na quantidade m\u00e1xima de 20 volumes. Os sacos dever\u00e3o estar pelo meio, com no m\u00e1ximo 25 kg.[\/vc_column_text][\/vc_tta_section][vc_tta_section title=&#8221;Quais os tipos de entulhos que podem ser recolhidos em resid\u00eancias?&#8221; tab_id=&#8221;1572393187121-4c93b970-d50b&#8221;][vc_column_text]Lixo verde (folhas ou grama) ensacados pelo meio,\u00a0 galhos com no m\u00e1ximo 1,5m amarrados em feixes de no m\u00e1ximo quatro galhos, restos de madeiras amarrados com quatro peda\u00e7os de no m\u00e1ximo 1,5m, peda\u00e7os pequenos de madeira ensacados, restos de m\u00f3veis desmontados em peda\u00e7os pequenos de no m\u00e1ximo 1,5m, terra ensacada com no m\u00e1ximo 25kg e telhas quebradas e ensacadas no mesmo procedimento do entulho.[\/vc_column_text][\/vc_tta_section][vc_tta_section title=&#8221;Qual \u00e9 o prazo que a Comdep recolhe o entulho?&#8221; tab_id=&#8221;1572393215397-9d82f06a-129a&#8221;][vc_column_text]M\u00e1ximo de 20 dias \u00fateis.[\/vc_column_text][\/vc_tta_section][vc_tta_section title=&#8221;Como fa\u00e7o a solicita\u00e7\u00e3o para coleta de entulho?&#8221; tab_id=&#8221;1572393244527-5bf740cb-4305&#8243;][vc_column_text]Ligue para o telefone 2292-9500 ramais 9520 e 9521 e forne\u00e7a nome, endere\u00e7o, telefone e ponto de refer\u00eancia. Voc\u00ea dever\u00e1 aguardar o retorno, confirmando o agendamento. N\u00e3o pode ser colocado na rua antes da agendamento.[\/vc_column_text][\/vc_tta_section][vc_tta_section title=&#8221;O que \u00e9 preciso para solicitar a retirada de 01 coletora que se encontra na minha cal\u00e7ada?&#8221; tab_id=&#8221;1572393274920-bf895207-83da&#8221;][vc_column_text]Ser\u00e1 necess\u00e1ria a apresenta\u00e7\u00e3o de um abaixo assinado dos moradores solicitando a sua retirada, que dever\u00e1 ser protocolado na sede da Comdep.[\/vc_column_text][\/vc_tta_section][vc_tta_section title=&#8221;H\u00e1 uma lixeira de poste que est\u00e1 danificada, como fa\u00e7o para solicitar essa troca?&#8221; tab_id=&#8221;1572393302880-6e7d34dd-a610&#8243;][vc_column_text]Voc\u00ea dever\u00e1 solicitar pelo telefone 2292-9500 ou comparecendo \u00e0 sede da Comdep para solicita\u00e7\u00e3o. Ser\u00e1 efetuada uma vistoria no local e ap\u00f3s, ser\u00e1 realizada a substitui\u00e7\u00e3o.[\/vc_column_text][\/vc_tta_section][vc_tta_section title=&#8221;Gostaria de solicitar a coloca\u00e7\u00e3o de uma placa de proibido jogar entulho. O que \u00e9 necess\u00e1rio?&#8221; tab_id=&#8221;1572393331200-4cc9b9d3-a217&#8243;][vc_column_text]Ser\u00e1 necess\u00e1rio o comparecimento \u00e0 sede da Comdep e protocolar a solicita\u00e7\u00e3o da coloca\u00e7\u00e3o da placa, informando o endere\u00e7o.[\/vc_column_text][\/vc_tta_section][vc_tta_section title=&#8221;Como solicito a reforma da base da coleta na minha rua?&#8221; tab_id=&#8221;1572393359030-33c25e1a-5056&#8243;][vc_column_text]Voc\u00ea dever\u00e1 solicitar pelo telefone 2292-9500 ou comparecendo \u00e0 sede da Comdep para solicita\u00e7\u00e3o. Ser\u00e1 efetuada uma vistoria no local e ap\u00f3s, ser\u00e1 realizada a reforma.[\/vc_column_text][\/vc_tta_section][vc_tta_section title=&#8221;A coletora do meu bairro est\u00e1 destru\u00edda, com lixo caindo pelos lados. Como solicito a sua troca?&#8221; tab_id=&#8221;1572393386814-bfc81d8c-710e&#8221;][vc_column_text]Voc\u00ea dever\u00e1 solicitar pelo telefone 2292-9500 ou comparecendo \u00e0 sede da Comdep para solicita\u00e7\u00e3o. Ser\u00e1 efetuada uma vistoria no local, e ap\u00f3s, ser\u00e1 realizada a substitui\u00e7\u00e3o.[\/vc_column_text][\/vc_tta_section][\/vc_tta_accordion][\/vc_column][\/vc_row]<\/p>\n<\/section>","protected":false},"excerpt":{"rendered":"<p>[vc_row][vc_column][vc_custom_heading text=&#8221;Consulte abaixo as perguntas mais frequentes.&#8221; font_container=&#8221;tag:h3|text_align:left|color:%23ffffff&#8221; use_theme_fonts=&#8221;yes&#8221; css=&#8221;.vc_custom_1572401228165{padding-top: 4px !important;padding-right: 4px !important;padding-bottom: 4px !important;padding-left: 30px !important;background-color: #00a217 !important;border-radius: 5px !important;}&#8221;][\/vc_column][\/vc_row][vc_row][vc_column][vc_tta_accordion][vc_tta_section title=&#8221;Como fa\u00e7o para solicitar o recolhimento de entulhos, res\u00edduos ou lixo verde em via p\u00fablica?&#8221; tab_id=&#8221;1572392731675-991c6d4e-12d8&#8243;][vc_column_text]Voc\u00ea dever\u00e1 ligar para a Comdep e solicitar a retirada informando onde se encontra o entulho ou res\u00edduo.[\/vc_column_text][\/vc_tta_section][vc_tta_section&hellip;<\/p>\n","protected":false},"author":1,"featured_media":0,"parent":0,"menu_order":0,"comment_status":"closed","ping_status":"closed","template":"","meta":{"_themeisle_gutenberg_block_has_review":false,"footnotes":""},"_links":{"self":[{"href":"https:\/\/comdep.com.br\/index.php?rest_route=\/wp\/v2\/pages\/1679"}],"collection":[{"href":"https:\/\/comdep.com.br\/index.php?rest_route=\/wp\/v2\/pages"}],"about":[{"href":"https:\/\/comdep.com.br\/index.php?rest_route=\/wp\/v2\/types\/page"}],"author":[{"embeddable":true,"href":"https:\/\/comdep.com.br\/index.php?rest_route=\/wp\/v2\/users\/1"}],"replies":[{"embeddable":true,"href":"https:\/\/comdep.com.br\/index.php?rest_route=%2Fwp%2Fv2%2Fcomments&post=1679"}],"version-history":[{"count":5,"href":"https:\/\/comdep.com.br\/index.php?rest_route=\/wp\/v2\/pages\/1679\/revisions"}],"predecessor-version":[{"id":16129,"href":"https:\/\/comdep.com.br\/index.php?rest_route=\/wp\/v2\/pages\/1679\/revisions\/16129"}],"wp:attachment":[{"href":"https:\/\/comdep.com.br\/index.php?rest_route=%2Fwp%2Fv2%2Fmedia&parent=1679"}],"curies":[{"name":"wp","href":"https:\/\/api.w.org\/{rel}","templated":true}]}}