{"id":7148,"date":"2021-10-26T15:45:14","date_gmt":"2021-10-26T18:45:14","guid":{"rendered":"http:\/\/comdep.com.br\/?page_id=7148"},"modified":"2022-02-10T11:48:48","modified_gmt":"2022-02-10T14:48:48","slug":"licitacao-025-2021","status":"publish","type":"page","link":"https:\/\/comdep.com.br\/?page_id=7148","title":{"rendered":"Licita\u00e7\u00e3o 025\/2021"},"content":{"rendered":"<p><strong>Clique abaixo para fazer download dos arquivos da Licita\u00e7\u00e3o 025\/2021:<\/strong><\/p>\n<p><a href=\"http:\/\/comdep.com.br\/wp-content\/uploads\/2021\/10\/Aviso-Preg\u00f5es-020-21-Licita\u00e7\u00e3o-025-21-Materiais-para-Constru\u00e7\u00e3o-1.pdf\"><strong>Aviso de Preg\u00e3o &#8211; Preg\u00e3o 020-2021<\/strong><\/a><\/p>\n<p><a href=\"http:\/\/comdep.com.br\/wp-content\/uploads\/2021\/10\/Pregao_P_020-21_Materiais-de-construcao.pdf\"><strong>Preg\u00e3o P-020-21 &#8211; Materiais de constru\u00e7\u00e3o<\/strong><\/a><\/p>\n<p><a href=\"http:\/\/comdep.com.br\/wp-content\/uploads\/2022\/02\/Licitacao_025-2021_Pregao-020-2021_ATA.pdf\"><strong>Ata Licita\u00e7\u00e3o 025-2021 &#8211; Preg\u00e3o 020-2021<\/strong><\/a><\/p>\n","protected":false},"excerpt":{"rendered":"<p>Clique abaixo para fazer download dos arquivos da Licita\u00e7\u00e3o 025\/2021: Aviso de Preg\u00e3o &#8211; Preg\u00e3o 020-2021 Preg\u00e3o P-020-21 &#8211; Materiais de constru\u00e7\u00e3o Ata Licita\u00e7\u00e3o 025-2021 &#8211; Preg\u00e3o 020-2021<\/p>\n","protected":false},"author":1,"featured_media":0,"parent":0,"menu_order":0,"comment_status":"closed","ping_status":"closed","template":"","meta":{"_themeisle_gutenberg_block_has_review":false,"footnotes":""},"_links":{"self":[{"href":"https:\/\/comdep.com.br\/index.php?rest_route=\/wp\/v2\/pages\/7148"}],"collection":[{"href":"https:\/\/comdep.com.br\/index.php?rest_route=\/wp\/v2\/pages"}],"about":[{"href":"https:\/\/comdep.com.br\/index.php?rest_route=\/wp\/v2\/types\/page"}],"author":[{"embeddable":true,"href":"https:\/\/comdep.com.br\/index.php?rest_route=\/wp\/v2\/users\/1"}],"replies":[{"embeddable":true,"href":"https:\/\/comdep.com.br\/index.php?rest_route=%2Fwp%2Fv2%2Fcomments&post=7148"}],"version-history":[{"count":3,"href":"https:\/\/comdep.com.br\/index.php?rest_route=\/wp\/v2\/pages\/7148\/revisions"}],"predecessor-version":[{"id":7793,"href":"https:\/\/comdep.com.br\/index.php?rest_route=\/wp\/v2\/pages\/7148\/revisions\/7793"}],"wp:attachment":[{"href":"https:\/\/comdep.com.br\/index.php?rest_route=%2Fwp%2Fv2%2Fmedia&parent=7148"}],"curies":[{"name":"wp","href":"https:\/\/api.w.org\/{rel}","templated":true}]}}