{"id":8178,"date":"2022-04-08T16:34:39","date_gmt":"2022-04-08T19:34:39","guid":{"rendered":"http:\/\/comdep.com.br\/?page_id=8178"},"modified":"2026-01-30T12:36:03","modified_gmt":"2026-01-30T15:36:03","slug":"mapa-do-site","status":"publish","type":"page","link":"https:\/\/comdep.com.br\/?page_id=8178","title":{"rendered":"Mapa do Site"},"content":{"rendered":"<section class=\"wpb-content-wrapper\"><p>[vc_row][vc_column][vc_column_text]<\/p>\r\n<h4 style=\"text-align: center;\"><\/h4>\r\n\r\n<p><a href=\"http:\/\/comdep.com.br\/?page_id=974\"><strong>Institucional<\/strong><\/a><\/p>\r\n<p style=\"padding-left: 40px;\"><strong><a href=\"http:\/\/comdep.com.br\/?page_id=978\">A Empresa<\/a><\/strong><br \/><strong><a href=\"https:\/\/comdep.com.br\/?page_id=2458\">Not\u00edcias<\/a><\/strong><br \/><strong><a href=\"http:\/\/comdep.com.br\/?page_id=980\">Pequena Hist\u00f3ria<\/a><\/strong><br \/><strong><a href=\"http:\/\/comdep.com.br\/?page_id=982\">Estatuto e Regimento Interno<\/a><\/strong><br \/><strong><a href=\"http:\/\/comdep.com.br\/?page_id=984\">Organograma<\/a><\/strong><br \/><strong><a href=\"http:\/\/comdep.com.br\/?page_id=986\">Processo Seletivo Simplificado<\/a><\/strong><br \/><strong><a href=\"http:\/\/comdep.com.br\/?page_id=988\">Diretorias<\/a><\/strong><br \/><strong><a href=\"http:\/\/comdep.com.br\/?page_id=7427\">Cipa<\/a><\/strong><br \/><strong><a href=\"http:\/\/comdep.com.br\/?page_id=1000\">Estruturas<\/a><\/strong><\/p>\r\n<p><strong><\/strong><\/p>\r\n<p><strong><a href=\"http:\/\/comdep.com.br\/?page_id=1355\">Servi\u00e7o<\/a><\/strong><\/p>\r\n<p style=\"padding-left: 40px;\"><strong><a href=\"http:\/\/comdep.com.br\/?page_id=1357\">Servi\u00e7o de capina<\/a><\/strong><br \/><strong><a href=\"http:\/\/comdep.com.br\/?page_id=1359\">Disque Entulho<\/a><\/strong><\/p>\r\n<p><strong><\/strong><\/p>\r\n<p><strong><a href=\"http:\/\/comdep.com.br\/?page_id=990\">Fiscaliza\u00e7\u00f5es<\/a><\/strong><\/p>\r\n<p style=\"padding-left: 40px;\"><strong><a href=\"http:\/\/comdep.com.br\/?page_id=992\">\u00c1guas do Imperador<\/a><\/strong><br \/><strong><a href=\"http:\/\/comdep.com.br\/?page_id=994\">Tratamento e Distribui\u00e7\u00e3o de \u00c1gua<\/a><\/strong><br \/><strong><a href=\"http:\/\/comdep.com.br\/?page_id=996\">Coleta Domiciliar<\/a><\/strong><br \/><strong><a href=\"http:\/\/comdep.com.br\/?page_id=998\">Coleta Hospitalar<\/a><\/strong><\/p>\r\n<p><strong><\/strong><\/p>\r\n<p><strong><a href=\"http:\/\/comdep.com.br\/?page_id=972\">Fotos<\/a><\/strong><\/p>\r\n<p><strong><\/strong><\/p>\r\n<p><strong><a href=\"http:\/\/comdep.com.br\/?page_id=958\">Portal da Transpar\u00eancia<\/a><\/strong><\/p>\r\n<p><strong><a href=\"http:\/\/comdep.com.br\/?page_id=1410\">Funcion\u00e1rios<\/a><\/strong><\/p>\r\n<p style=\"padding-left: 40px;\"><strong><a href=\"http:\/\/comdep.com.br\/?page_id=1412\">Contra-Cheque<\/a><\/strong><br \/><strong><a href=\"http:\/\/comdep.com.br\/?page_id=1414\">Comprovante de Rendimentos<\/a><\/strong><\/p>\r\n<p><strong><\/strong><\/p>\r\n<p><strong><a href=\"http:\/\/comdep.com.br\/?page_id=1068\">Fale Conosco<\/a><\/strong><\/p>\r\n<p style=\"padding-left: 40px;\"><strong><a href=\"http:\/\/comdep.com.br\/?page_id=1679\">FAQ<\/a><\/strong><\/p>\r\n<p style=\"padding-left: 40px;\"><a href=\"http:\/\/comdep.com.br\/?page_id=8178\"><strong>Mapa do Site<\/strong><\/a><\/p>\r\n<p style=\"padding-left: 40px;\"><a href=\"http:\/\/comdep.com.br\/?page_id=16416\"><strong>Ouvidoria<\/strong><\/a><br \/><a href=\"http:\/\/comdep.com.br\/?page_id=8855\"><strong>Ouvidoria do Munic\u00edpio<\/strong><\/a><\/p>\r\n<p>\u00a0<\/p>\r\n<p>[\/vc_column_text][\/vc_column][\/vc_row]<\/p><\/section>","protected":false},"excerpt":{"rendered":"<p>[vc_row][vc_column][vc_column_text] Institucional A EmpresaNot\u00edciasPequena Hist\u00f3riaEstatuto e Regimento InternoOrganogramaProcesso Seletivo SimplificadoDiretoriasCipaEstruturas Servi\u00e7o Servi\u00e7o de capinaDisque Entulho Fiscaliza\u00e7\u00f5es \u00c1guas do ImperadorTratamento e Distribui\u00e7\u00e3o de \u00c1guaColeta DomiciliarColeta Hospitalar Fotos Portal da Transpar\u00eancia Funcion\u00e1rios Contra-ChequeComprovante de Rendimentos Fale Conosco FAQ Mapa do Site OuvidoriaOuvidoria do Munic\u00edpio \u00a0 [\/vc_column_text][\/vc_column][\/vc_row]<\/p>\n","protected":false},"author":1,"featured_media":0,"parent":0,"menu_order":0,"comment_status":"closed","ping_status":"closed","template":"","meta":{"_themeisle_gutenberg_block_has_review":false,"footnotes":""},"_links":{"self":[{"href":"https:\/\/comdep.com.br\/index.php?rest_route=\/wp\/v2\/pages\/8178"}],"collection":[{"href":"https:\/\/comdep.com.br\/index.php?rest_route=\/wp\/v2\/pages"}],"about":[{"href":"https:\/\/comdep.com.br\/index.php?rest_route=\/wp\/v2\/types\/page"}],"author":[{"embeddable":true,"href":"https:\/\/comdep.com.br\/index.php?rest_route=\/wp\/v2\/users\/1"}],"replies":[{"embeddable":true,"href":"https:\/\/comdep.com.br\/index.php?rest_route=%2Fwp%2Fv2%2Fcomments&post=8178"}],"version-history":[{"count":12,"href":"https:\/\/comdep.com.br\/index.php?rest_route=\/wp\/v2\/pages\/8178\/revisions"}],"predecessor-version":[{"id":17071,"href":"https:\/\/comdep.com.br\/index.php?rest_route=\/wp\/v2\/pages\/8178\/revisions\/17071"}],"wp:attachment":[{"href":"https:\/\/comdep.com.br\/index.php?rest_route=%2Fwp%2Fv2%2Fmedia&parent=8178"}],"curies":[{"name":"wp","href":"https:\/\/api.w.org\/{rel}","templated":true}]}}