{"id":978,"date":"2019-03-26T15:59:56","date_gmt":"2019-03-26T18:59:56","guid":{"rendered":"http:\/\/comdep.dryhop.com.br\/?page_id=978"},"modified":"2019-10-30T11:06:00","modified_gmt":"2019-10-30T14:06:00","slug":"a-empresa","status":"publish","type":"page","link":"https:\/\/comdep.com.br\/?page_id=978","title":{"rendered":"A Empresa"},"content":{"rendered":"<section class=\"wpb-content-wrapper\"><p>[vc_row][vc_column][vc_column_text]A COMDEP, fundada pela lei 3752 de 01.12.1975, \u00e9 uma empresa de economia mista, tendo como seu principal s\u00f3cio a Prefeitura Municipal de Petr\u00f3polis. Ela abrange todo o munic\u00edpio com diversos servi\u00e7os. Podemos dizer que a COMDEP \u00e9 a empresa que cuida de todos os petropolitanos, 24 horas por dia, 7 dias na semana e 365 dias ao ano.<\/p>\n<p>&nbsp;<\/p>\n<p>A empresa se situa no bairro do Quitandinha, local que oferece f\u00e1cil acesso ao centro da cidade, distritos (via BR-040) e todos os outros bairros da cidade.<br \/>\nO centro administrativo comporta todas as diretorias, oficina, p\u00e1tio de ve\u00edculos e salas de aula.<\/p>\n<p>&nbsp;<\/p>\n<p>Hoje a empresa conta com mais de 1.200 funcion\u00e1rios, alocados na \u00e1rea de administra\u00e7\u00e3o e operacional.[\/vc_column_text][\/vc_column][\/vc_row][vc_row][vc_column]<div class=\"standard-arrow list-divider bullet-top\"><p><strong>Atribui\u00e7\u00f5es da COMDEP:<\/strong><\/p>\n<ul>\n<li>1 \u2013 Disque entulho<\/li>\n<li>2 \u2013 Capina<\/li>\n<li>3 \u2013 Coleta Seletiva<\/li>\n<li>4 \u2013 Varri\u00e7\u00e3o<\/li>\n<li>5 \u2013 Lava\u00e7\u00e3o de terminais<\/li>\n<li>6 \u2013 Manuten\u00e7\u00e3o vi\u00e1ria<\/li>\n<li>7 \u2013 Ro\u00e7ada<\/li>\n<li>8 \u2013 Paisagismo<\/li>\n<li>9 \u2013 Servi\u00e7os emergenciais<\/li>\n<li>10 \u2013 Eventos<\/li>\n<\/ul>\n<\/div>[\/vc_column][\/vc_row]<\/p>\n<\/section>","protected":false},"excerpt":{"rendered":"<p>[vc_row][vc_column][vc_column_text]A COMDEP, fundada pela lei 3752 de 01.12.1975, \u00e9 uma empresa de economia mista, tendo como seu principal s\u00f3cio a Prefeitura Municipal de Petr\u00f3polis. Ela abrange todo o munic\u00edpio com diversos servi\u00e7os. Podemos dizer que a COMDEP \u00e9 a empresa que cuida de todos os petropolitanos, 24 horas por dia, 7 dias na semana e&hellip;<\/p>\n","protected":false},"author":1,"featured_media":0,"parent":0,"menu_order":0,"comment_status":"closed","ping_status":"closed","template":"","meta":{"_themeisle_gutenberg_block_has_review":false,"footnotes":""},"_links":{"self":[{"href":"https:\/\/comdep.com.br\/index.php?rest_route=\/wp\/v2\/pages\/978"}],"collection":[{"href":"https:\/\/comdep.com.br\/index.php?rest_route=\/wp\/v2\/pages"}],"about":[{"href":"https:\/\/comdep.com.br\/index.php?rest_route=\/wp\/v2\/types\/page"}],"author":[{"embeddable":true,"href":"https:\/\/comdep.com.br\/index.php?rest_route=\/wp\/v2\/users\/1"}],"replies":[{"embeddable":true,"href":"https:\/\/comdep.com.br\/index.php?rest_route=%2Fwp%2Fv2%2Fcomments&post=978"}],"version-history":[{"count":4,"href":"https:\/\/comdep.com.br\/index.php?rest_route=\/wp\/v2\/pages\/978\/revisions"}],"predecessor-version":[{"id":1289,"href":"https:\/\/comdep.com.br\/index.php?rest_route=\/wp\/v2\/pages\/978\/revisions\/1289"}],"wp:attachment":[{"href":"https:\/\/comdep.com.br\/index.php?rest_route=%2Fwp%2Fv2%2Fmedia&parent=978"}],"curies":[{"name":"wp","href":"https:\/\/api.w.org\/{rel}","templated":true}]}}