{"id":980,"date":"2019-03-26T16:00:48","date_gmt":"2019-03-26T19:00:48","guid":{"rendered":"http:\/\/comdep.dryhop.com.br\/?page_id=980"},"modified":"2019-04-24T15:29:09","modified_gmt":"2019-04-24T18:29:09","slug":"pequena-historia","status":"publish","type":"page","link":"https:\/\/comdep.com.br\/?page_id=980","title":{"rendered":"Pequena Hist\u00f3ria"},"content":{"rendered":"<section class=\"wpb-content-wrapper\"><p>[vc_row][vc_column][vc_column_text]A COMDEP foi fundada em dezembro de 1975, pelo ent\u00e3o prefeito Paulo Rattes, denominada Ind\u00fastria e Com\u00e9rcio do Asfalto, tendo como principais fun\u00e7\u00f5es, asfaltamento e manuten\u00e7\u00e3o das vias p\u00fablicas municipais.<\/p>\n<p>A lei 3752 de 1975 foi a que criou a COMDEP.<\/p>\n<p>Maio de 1994 \u2013 passou a coordenar e executar os servi\u00e7os de limpeza p\u00fablica em geral, conserva\u00e7\u00e3o de parques e jardins.<\/p>\n<p>Julho de 2002 \u2013 s\u00e3o incorporadas as empresas Petrotur (Empresa de Turismo de Petr\u00f3polis S\/A e CAEMPE (Cia de \u00c1gua e Esgotos do Munic\u00edpio de Petr\u00f3polis), ficando respons\u00e1vel pela fiscaliza\u00e7\u00e3o da Concession\u00e1ria \u00c1guas do Imperador, entre outras fun\u00e7\u00f5es.<\/p>\n<p>&nbsp;<\/p>\n<p>Voce sabia?<\/p>\n<p>&#8211; Que a primeira Bauernfest foi realizada e organizada pela COMDEP?[\/vc_column_text][\/vc_column][\/vc_row]<\/p>\n<\/section>","protected":false},"excerpt":{"rendered":"<p>[vc_row][vc_column][vc_column_text]A COMDEP foi fundada em dezembro de 1975, pelo ent\u00e3o prefeito Paulo Rattes, denominada Ind\u00fastria e Com\u00e9rcio do Asfalto, tendo como principais fun\u00e7\u00f5es, asfaltamento e manuten\u00e7\u00e3o das vias p\u00fablicas municipais. A lei 3752 de 1975 foi a que criou a COMDEP. Maio de 1994 \u2013 passou a coordenar e executar os servi\u00e7os de limpeza p\u00fablica&hellip;<\/p>\n","protected":false},"author":1,"featured_media":0,"parent":0,"menu_order":0,"comment_status":"closed","ping_status":"closed","template":"","meta":{"_themeisle_gutenberg_block_has_review":false,"footnotes":""},"_links":{"self":[{"href":"https:\/\/comdep.com.br\/index.php?rest_route=\/wp\/v2\/pages\/980"}],"collection":[{"href":"https:\/\/comdep.com.br\/index.php?rest_route=\/wp\/v2\/pages"}],"about":[{"href":"https:\/\/comdep.com.br\/index.php?rest_route=\/wp\/v2\/types\/page"}],"author":[{"embeddable":true,"href":"https:\/\/comdep.com.br\/index.php?rest_route=\/wp\/v2\/users\/1"}],"replies":[{"embeddable":true,"href":"https:\/\/comdep.com.br\/index.php?rest_route=%2Fwp%2Fv2%2Fcomments&post=980"}],"version-history":[{"count":3,"href":"https:\/\/comdep.com.br\/index.php?rest_route=\/wp\/v2\/pages\/980\/revisions"}],"predecessor-version":[{"id":1291,"href":"https:\/\/comdep.com.br\/index.php?rest_route=\/wp\/v2\/pages\/980\/revisions\/1291"}],"wp:attachment":[{"href":"https:\/\/comdep.com.br\/index.php?rest_route=%2Fwp%2Fv2%2Fmedia&parent=980"}],"curies":[{"name":"wp","href":"https:\/\/api.w.org\/{rel}","templated":true}]}}