{"id":988,"date":"2019-03-26T16:03:53","date_gmt":"2019-03-26T19:03:53","guid":{"rendered":"http:\/\/comdep.dryhop.com.br\/?page_id=988"},"modified":"2025-10-30T15:23:08","modified_gmt":"2025-10-30T18:23:08","slug":"diretorias","status":"publish","type":"page","link":"https:\/\/comdep.com.br\/?page_id=988","title":{"rendered":"Diretorias"},"content":{"rendered":"<section class=\"wpb-content-wrapper\"><p>[vc_row][vc_column][vc_tta_accordion spacing=&#8221;3&#8243; active_section=&#8221;1&#8243;][vc_tta_section i_icon_fontawesome=&#8221;fa fa-user&#8221; add_icon=&#8221;true&#8221; title=&#8221;PRESID\u00caNCIA&#8221; tab_id=&#8221;1556560964666-55218fe0-d4bb&#8221;][vc_row_inner][vc_column_inner width=&#8221;1\/2&#8243;][vc_column_text css=&#8221;.vc_custom_1752254571920{padding-left: 30px !important;}&#8221;]<\/p>\n<h4>DIRETORA-PRESIDENTE<\/h4>\n<p><span style=\"color: #008000;\"><strong>FERNANDA CRISTINA FERREIRA VIEIRA<\/strong><\/span><\/p>\n<p>E-mail : <a href=\"mailto:presidencia@comdep.com.br\"><span style=\"color: #339966;\">presidencia@comdep.com.br<\/span><\/a><br \/>\nTel.: 2292-9526[\/vc_column_text][\/vc_column_inner][vc_column_inner width=&#8221;1\/2&#8243;][vc_column_text]\u2022 Assessor Jur\u00eddico: NAILA TAVARES RIBEIRO<br \/>\n\u2022 Assessor Jur\u00eddico: ALEXANDRE JOS\u00c9 MARTINS FERNANDES<br \/>\n\u2022 Assessor Institucional da Presid\u00eancia:\u00a0 JANAINA FERREIRA FERNANDES<br \/>\n\u2022 Secret\u00e1rio da Presid\u00eancia: NELIO LUIS DE MEDEIROS<br \/>\n\u2022 Controlador Interno: KARINA DE ANDRADE OTERO<br \/>\n\u2022 Assessor de Rela\u00e7\u00f5es Institucionais: PATRICIA LIMA DE MENEZES[\/vc_column_text][\/vc_column_inner][\/vc_row_inner][\/vc_tta_section][vc_tta_section i_icon_fontawesome=&#8221;fa fa-id-badge&#8221; add_icon=&#8221;true&#8221; title=&#8221;ADMINISTRATIVA&#8221; tab_id=&#8221;1556560964697-e8255c7d-c0d5&#8243;][vc_row_inner][vc_column_inner width=&#8221;1\/2&#8243;][vc_column_text css=&#8221;.vc_custom_1761848618733{padding-left: 30px !important;}&#8221;]<\/p>\n<h4>DIRETOR ADMINISTRATIVO:<\/h4>\n<h4>MARLAN BARROS GON\u00c7ALVES<\/h4>\n<p>E-mail: <span style=\"color: #339966;\"><a style=\"color: #339966;\" href=\"mailto:dad@comdep.com.br\">dad@comdep.com.br<\/a><\/span><br \/>\nTelefone: 2292-9522[\/vc_column_text][\/vc_column_inner][vc_column_inner width=&#8221;1\/2&#8243;][vc_column_text]\u2022 <strong>Gerente Administrativo: <\/strong>VICTOR MENDES DE SOUZA<br \/>\n\u2022 <strong>Gerente Recursos Humanos: <\/strong>ELIANE AMBROSIO PAES<br \/>\n\u2022 <strong>Gerente de Compras: <\/strong>CAMILA SANTORO TAVARES[\/vc_column_text][\/vc_column_inner][\/vc_row_inner][\/vc_tta_section][vc_tta_section i_icon_fontawesome=&#8221;fa fa-money&#8221; add_icon=&#8221;true&#8221; title=&#8221;FINANCEIRA&#8221; tab_id=&#8221;1556560984716-3522aa95-91d7&#8243;][vc_row_inner][vc_column_inner width=&#8221;1\/2&#8243;][vc_column_text css=&#8221;.vc_custom_1736969831667{padding-left: 30px !important;}&#8221;]<\/p>\n<h4>DIRETORIA FINANCEIRA<\/h4>\n<h4>RONILDA RODRIGUES PEREIRA<\/h4>\n<p>E-mail: <span style=\"color: #339966;\"><a style=\"color: #339966;\" href=\"mailto:dirfin@comdep.com\">tesouraria@comdep.com.br<\/a><\/span><br \/>\nTel.: 2292-9534[\/vc_column_text][\/vc_column_inner][vc_column_inner width=&#8221;1\/2&#8243;][vc_column_text]\u2022 Gerente Financeiro: MARIA EDUARDA MORAIS DA SILVA TARDELI<br \/>\n\u2022 Tesoureiro: CLEISSON LUIS MENDES[\/vc_column_text][\/vc_column_inner][\/vc_row_inner][\/vc_tta_section][vc_tta_section i_icon_fontawesome=&#8221;fa fa-cog&#8221; add_icon=&#8221;true&#8221; title=&#8221;T\u00c9CNICO &#8211; INDUSTRIAL&#8221; tab_id=&#8221;1556560985769-e38b87cf-df21&#8243;][vc_row_inner][vc_column_inner width=&#8221;1\/2&#8243;][vc_column_text css=&#8221;.vc_custom_1736969936616{padding-left: 30px !important;}&#8221;]<\/p>\n<h4>DIRETORIA T\u00c9CNICO-INDUSTRIAL<\/h4>\n<h4>KAROLINE CAETANO DA SILVA<\/h4>\n<p>E-mail: <span style=\"color: #339966;\"><a style=\"color: #339966;\" href=\"mailto:dti@comdep.com\">dti@comdep.com<\/a><\/span><br \/>\nTel.: 2292-9545[\/vc_column_text][\/vc_column_inner][vc_column_inner width=&#8221;1\/2&#8243;][vc_column_text]\u2022 Gerente Trat. Inc. Destino Final: JOS\u00c9 RENATO GALV\u00c3O NOVO<\/p>\n<p>\u2022 Gerente de Transportes: ALEXANDRE ZAPPALA<\/p>\n<p>\u2022 Gerente de Coleta de Lixo: LEONARDO SOARES GONZAGA<\/p>\n<p>\u2022 Gerente de Coleta Seletiva: MURILO GONSALVES<\/p>\n<p>\u2022 Gerente de Fiscaliza\u00e7\u00e3o: RONALDO TAVARES<\/p>\n<p>\u2022 Gerente de Saneamento: JOS\u00c9 OSCAR PEREIRA[\/vc_column_text][\/vc_column_inner][\/vc_row_inner][\/vc_tta_section][vc_tta_section i_icon_fontawesome=&#8221;fas fa-tractor&#8221; add_icon=&#8221;true&#8221; title=&#8221;OBRAS&#8221; tab_id=&#8221;1556560986685-265d558a-df9d&#8221;][vc_row_inner][vc_column_inner width=&#8221;1\/2&#8243;][vc_column_text css=&#8221;.vc_custom_1751649324556{padding-left: 30px !important;}&#8221;]<\/p>\n<h4>DIRETORIA DE OBRAS:<\/h4>\n<h4>ERICSON COUTO LOBATO<\/h4>\n<p>E-mail:<span style=\"color: #339966;\"><a style=\"color: #339966;\" href=\"mailto:dob@comdep.com\">dob@comdep.com<\/a><\/span><br \/>\nTel.: 2292-9563[\/vc_column_text][\/vc_column_inner][vc_column_inner width=&#8221;1\/2&#8243;][vc_column_text]\u2022 Gerente de Obras e Servi\u00e7os: EDUARDO XAVIER VELLOSO<br \/>\n\u2022 Gerente de Fiscaliza\u00e7\u00e3o:<br \/>\n\u2022 Gerente Manut. e Obras Vi\u00e1rias Centro: SILVIO JOS\u00c9 DE OLIVEIRA FILHO<br \/>\n\u2022 Gerente Manut. e Obras Vi\u00e1rias Distrital: JOS\u00c9 SERGIO RIBEIRO CAIAFA[\/vc_column_text][\/vc_column_inner][\/vc_row_inner][\/vc_tta_section][vc_tta_section i_icon_fontawesome=&#8221;fa fa-caret-square-o-right&#8221; add_icon=&#8221;true&#8221; title=&#8221;OPERACIONAL&#8221; tab_id=&#8221;1556560987418-e05ec9cd-4fde&#8221;][vc_row_inner][vc_column_inner width=&#8221;1\/2&#8243;][vc_column_text css=&#8221;.vc_custom_1752254150545{padding-left: 30px !important;}&#8221;]<\/p>\n<h4>DIRETORIA OPERACIONAL<\/h4>\n<h4><strong>CARLOS ALBERTO RIBEIRO<\/strong><\/h4>\n<p>E-mail: <span style=\"color: #339966;\"><a style=\"color: #339966;\" href=\"mailto:dop@comdep.com\">dop@comdep.com<\/a><\/span><br \/>\nTel.: 2292-9541[\/vc_column_text][\/vc_column_inner][vc_column_inner width=&#8221;1\/2&#8243;][vc_column_text]\u2022 Gerente Distrital: DOUGLAS FERREIRA SANTOS FERNANDES DE OLIVEIRA<br \/>\n\u2022 Gerente Regional de Correas: MARCO ANTONIO GASPAR GON\u00c7ALVES<br \/>\n\u2022 Gerente de Limp. P\u00fablica: LEANDRO SOUZA HANG<br \/>\n\u2022 Gerente de Manut. P\u00fablica: OSMAR COELHO TAGHIABUI<br \/>\n\u2022 Gerente de Eventos: PAULO ALEXANDRE FREY<br \/>\n\u2022 Gerente de Paisagismo: JOS\u00c9 MESSIAS NEVES LEITE[\/vc_column_text][\/vc_column_inner][\/vc_row_inner][\/vc_tta_section][vc_tta_section i_icon_fontawesome=&#8221;fas fa-video&#8221; add_icon=&#8221;true&#8221; title=&#8221;ASCOM &#8211; Assessoria de Comunica\u00e7\u00e3o&#8221; tab_id=&#8221;1736882142567-01b43c86-39fa&#8221;][vc_row_inner][vc_column_inner width=&#8221;1\/2&#8243;][vc_column_text css=&#8221;.vc_custom_1736969489542{padding-left: 30px !important;}&#8221;]<\/p>\n<h4>ASSESSORIA DE COMUNICA\u00c7\u00c3O<br \/>\nCARLA LUCIA CAVALCANTE<\/h4>\n<p>E-mail: <span style=\"color: #339966;\"><a style=\"color: #339966;\" href=\"mailto:dop@comdep.com\">midia@comdep.com.br<\/a><\/span><br \/>\nTel.: 2292-9541[\/vc_column_text][\/vc_column_inner][vc_column_inner width=&#8221;1\/2&#8243;][vc_column_text]\u2022 Assistente de Comunica\u00e7\u00e3o: Robson Jos\u00e9 de Oliveira Gomes[\/vc_column_text][\/vc_column_inner][\/vc_row_inner][\/vc_tta_section][\/vc_tta_accordion][\/vc_column][\/vc_row]<\/p>\n<\/section>","protected":false},"excerpt":{"rendered":"<p>[vc_row][vc_column][vc_tta_accordion spacing=&#8221;3&#8243; active_section=&#8221;1&#8243;][vc_tta_section i_icon_fontawesome=&#8221;fa fa-user&#8221; add_icon=&#8221;true&#8221; title=&#8221;PRESID\u00caNCIA&#8221; tab_id=&#8221;1556560964666-55218fe0-d4bb&#8221;][vc_row_inner][vc_column_inner width=&#8221;1\/2&#8243;][vc_column_text css=&#8221;.vc_custom_1752254571920{padding-left: 30px !important;}&#8221;] DIRETORA-PRESIDENTE FERNANDA CRISTINA FERREIRA VIEIRA E-mail : presidencia@comdep.com.br Tel.: 2292-9526[\/vc_column_text][\/vc_column_inner][vc_column_inner width=&#8221;1\/2&#8243;][vc_column_text]\u2022 Assessor Jur\u00eddico: NAILA TAVARES RIBEIRO \u2022 Assessor Jur\u00eddico: ALEXANDRE JOS\u00c9 MARTINS FERNANDES \u2022 Assessor Institucional da Presid\u00eancia:\u00a0 JANAINA FERREIRA FERNANDES \u2022 Secret\u00e1rio da Presid\u00eancia: NELIO LUIS DE MEDEIROS \u2022 Controlador Interno: KARINA&hellip;<\/p>\n","protected":false},"author":1,"featured_media":0,"parent":0,"menu_order":0,"comment_status":"closed","ping_status":"closed","template":"","meta":{"_themeisle_gutenberg_block_has_review":false,"footnotes":""},"_links":{"self":[{"href":"https:\/\/comdep.com.br\/index.php?rest_route=\/wp\/v2\/pages\/988"}],"collection":[{"href":"https:\/\/comdep.com.br\/index.php?rest_route=\/wp\/v2\/pages"}],"about":[{"href":"https:\/\/comdep.com.br\/index.php?rest_route=\/wp\/v2\/types\/page"}],"author":[{"embeddable":true,"href":"https:\/\/comdep.com.br\/index.php?rest_route=\/wp\/v2\/users\/1"}],"replies":[{"embeddable":true,"href":"https:\/\/comdep.com.br\/index.php?rest_route=%2Fwp%2Fv2%2Fcomments&post=988"}],"version-history":[{"count":71,"href":"https:\/\/comdep.com.br\/index.php?rest_route=\/wp\/v2\/pages\/988\/revisions"}],"predecessor-version":[{"id":17908,"href":"https:\/\/comdep.com.br\/index.php?rest_route=\/wp\/v2\/pages\/988\/revisions\/17908"}],"wp:attachment":[{"href":"https:\/\/comdep.com.br\/index.php?rest_route=%2Fwp%2Fv2%2Fmedia&parent=988"}],"curies":[{"name":"wp","href":"https:\/\/api.w.org\/{rel}","templated":true}]}}