{"id":996,"date":"2019-03-26T16:06:23","date_gmt":"2019-03-26T19:06:23","guid":{"rendered":"http:\/\/comdep.dryhop.com.br\/?page_id=996"},"modified":"2020-08-12T17:10:39","modified_gmt":"2020-08-12T20:10:39","slug":"coleta-domiciliar","status":"publish","type":"page","link":"https:\/\/comdep.com.br\/?page_id=996","title":{"rendered":"Coleta Domiciliar"},"content":{"rendered":"<section class=\"wpb-content-wrapper\"><p>[vc_row][vc_column][vc_column_text]A Prefeitura Municipal de Petr\u00f3polis atrav\u00e9s das Empresas terceirizadas For\u00e7a Ambiental Ltda. e PDCA Servi\u00e7os Ltda. realizam os servi\u00e7os de coleta, transporte e destina\u00e7\u00e3o final dos res\u00edduos s\u00f3lidos domiciliares do Munic\u00edpio.<\/p>\n<p>Atualmente s\u00e3o recolhidos em m\u00e9dia 300 toneladas \/ dia de res\u00edduos s\u00f3lidos domiciliares, em aproximadamente 94% dos domic\u00edlios, abrangendo os cinco distritos do Munic\u00edpio. Todos os res\u00edduos s\u00e3o levados pelas empresas respons\u00e1veis para o aterro sanit\u00e1rio em Tr\u00eas Rios sito a BR 040 \u2013 Km 17 \u2013 S\u00edtio S\u00e3o Jorge \u2013 Moura Brasil, este, devidamente licenciado pelos \u00d3rg\u00e3os ambientais a fim de dar um tratamento correto aos res\u00edduos gerados no Munic\u00edpio.<br \/>\nBAIRROS DIAS DE COLETA DOMICILIAR[\/vc_column_text][\/vc_column][\/vc_row][vc_row][vc_column][vc_single_image image=&#8221;1334&#8243; img_size=&#8221;300X249&#8243; onclick=&#8221;custom_link&#8221; img_link_target=&#8221;_blank&#8221; link=&#8221;http:\/\/comdep.com.br\/PDF\/FISC_COLETA_DOMICILIAR\/BAIRROS_E_DIAS_COLETA_DOMICILIAR.pdf&#8221;][\/vc_column][\/vc_row]<\/p>\n<\/section>","protected":false},"excerpt":{"rendered":"<p>[vc_row][vc_column][vc_column_text]A Prefeitura Municipal de Petr\u00f3polis atrav\u00e9s das Empresas terceirizadas For\u00e7a Ambiental Ltda. e PDCA Servi\u00e7os Ltda. realizam os servi\u00e7os de coleta, transporte e destina\u00e7\u00e3o final dos res\u00edduos s\u00f3lidos domiciliares do Munic\u00edpio. Atualmente s\u00e3o recolhidos em m\u00e9dia 300 toneladas \/ dia de res\u00edduos s\u00f3lidos domiciliares, em aproximadamente 94% dos domic\u00edlios, abrangendo os cinco distritos do Munic\u00edpio.&hellip;<\/p>\n","protected":false},"author":1,"featured_media":0,"parent":0,"menu_order":0,"comment_status":"closed","ping_status":"closed","template":"","meta":{"_themeisle_gutenberg_block_has_review":false,"footnotes":""},"_links":{"self":[{"href":"https:\/\/comdep.com.br\/index.php?rest_route=\/wp\/v2\/pages\/996"}],"collection":[{"href":"https:\/\/comdep.com.br\/index.php?rest_route=\/wp\/v2\/pages"}],"about":[{"href":"https:\/\/comdep.com.br\/index.php?rest_route=\/wp\/v2\/types\/page"}],"author":[{"embeddable":true,"href":"https:\/\/comdep.com.br\/index.php?rest_route=\/wp\/v2\/users\/1"}],"replies":[{"embeddable":true,"href":"https:\/\/comdep.com.br\/index.php?rest_route=%2Fwp%2Fv2%2Fcomments&post=996"}],"version-history":[{"count":8,"href":"https:\/\/comdep.com.br\/index.php?rest_route=\/wp\/v2\/pages\/996\/revisions"}],"predecessor-version":[{"id":3906,"href":"https:\/\/comdep.com.br\/index.php?rest_route=\/wp\/v2\/pages\/996\/revisions\/3906"}],"wp:attachment":[{"href":"https:\/\/comdep.com.br\/index.php?rest_route=%2Fwp%2Fv2%2Fmedia&parent=996"}],"curies":[{"name":"wp","href":"https:\/\/api.w.org\/{rel}","templated":true}]}}