{"id":998,"date":"2019-03-26T16:06:57","date_gmt":"2019-03-26T19:06:57","guid":{"rendered":"http:\/\/comdep.dryhop.com.br\/?page_id=998"},"modified":"2021-06-07T14:40:20","modified_gmt":"2021-06-07T17:40:20","slug":"coleta-hospitalar","status":"publish","type":"page","link":"https:\/\/comdep.com.br\/?page_id=998","title":{"rendered":"Coleta Hospitalar"},"content":{"rendered":"<section class=\"wpb-content-wrapper\"><p>[vc_row][vc_column][vc_column_text]<\/p>\n<h3><b>LIXO HOSPITALAR<\/b><\/h3>\n<p>A PREFEITURA MUNICIPAL DE PETR\u00d3POLIS, atrav\u00e9s de servi\u00e7o terceirizado \u00e0 Empresa FOR\u00c7A AMBIENTAL LTDA, coleta, transporta e d\u00e1 destina\u00e7\u00e3o final aos res\u00edduos de sa\u00fade provenientes das unidades de sa\u00fade no Munic\u00edpio de Petr\u00f3polis.<\/p>\n<p>Atualmente s\u00e3o recolhidos, em m\u00e9dia, 52 toneladas\/m\u00eas de Res\u00edduos de Sa\u00fade (RSS), em 238 pontos do Munic\u00edpio entre pequenos e grandes geradores, tais como: Cl\u00ednicas m\u00e9dicas, odontol\u00f3gicas, veterin\u00e1rias, laborat\u00f3rios, farm\u00e1cias, hospitais, Pronto Socorros e UPAs.<\/p>\n<p>Todos os res\u00edduos recolhidos s\u00e3o enviados, pela empresa respons\u00e1vel, para tratamento atrav\u00e9s de incinera\u00e7\u00e3o ou autoclave sendo o material proveniente do tratamento destinado atrav\u00e9s de uma c\u00e9lula especial a aterro sanit\u00e1rio, devidamente licenciado, atendendo assim, as normas RDC ANVISA n\u00b0 306\/04 e Resolu\u00e7\u00e3o CONAMA n\u00ba 358\/05. Vale ressaltar que toda coleta \u00e9 monitorada pela COMDEP, atrav\u00e9s de sistema de rastreamento (GPS).[\/vc_column_text][\/vc_column][\/vc_row][vc_row][vc_column]<div class=\"ult-spacer spacer-69d8bea27b64d\" data-id=\"69d8bea27b64d\" data-height=\"20\" data-height-mobile=\"20\" data-height-tab=\"20\" data-height-tab-portrait=\"\" data-height-mobile-landscape=\"\" style=\"clear:both;display:block;\"><\/div>[vc_column_text css=&#8221;.vc_custom_1556568072837{padding-bottom: -20px !important;}&#8221;]<\/p>\n<h3><b>ROTEIRO PEQUENOS GERADORES<\/b><\/h3>\n<p>[\/vc_column_text][vc_row_inner][vc_column_inner width=&#8221;1\/3&#8243; css=&#8221;.vc_custom_1556568122969{background-color: #f6f6f6 !important;border-radius: 5px !important;}&#8221;][vc_column_text]<\/p>\n<p style=\"text-align: center;\">DIA<\/p>\n<p style=\"text-align: center;\">SEGUNDA-FEIRA<br \/>\nTER\u00c7A-FEIRA<br \/>\nQUARTA-FEIRA<br \/>\nQUINTA-FEIRA<br \/>\nSEXTA-FEIRA<\/p>\n<p>[\/vc_column_text][\/vc_column_inner][vc_column_inner width=&#8221;1\/3&#8243; css=&#8221;.vc_custom_1556568140516{background-color: #f6f6f6 !important;border-radius: 5px !important;}&#8221;][vc_column_text]<\/p>\n<p style=\"text-align: center;\">BAIRRO<\/p>\n<p style=\"text-align: center;\">Centro\/ Alto da Serra<br \/>\nMosela\/ Bingen\/ Valparaiso e Quitandinha<br \/>\nCascatinha\/ Correas e Nogueira<br \/>\nItaipava\/ Pedro do Rio\/ Secret\u00e1rio e Posse<br \/>\nCentro\/ Alto da Serra<\/p>\n<p>[\/vc_column_text][\/vc_column_inner][vc_column_inner width=&#8221;1\/3&#8243;][\/vc_column_inner][\/vc_row_inner][\/vc_column][\/vc_row][vc_row][vc_column]<div class=\"ult-spacer spacer-69d8bea27b660\" data-id=\"69d8bea27b660\" data-height=\"20\" data-height-mobile=\"20\" data-height-tab=\"20\" data-height-tab-portrait=\"\" data-height-mobile-landscape=\"\" style=\"clear:both;display:block;\"><\/div>[vc_column_text css=&#8221;.vc_custom_1556568082316{padding-bottom: -20px !important;}&#8221;]<\/p>\n<h3>GRANDES GERADORES<\/h3>\n<p>[\/vc_column_text][vc_row_inner][vc_column_inner width=&#8221;1\/3&#8243; css=&#8221;.vc_custom_1556568166698{background-color: #f6f6f6 !important;border-radius: 5px !important;}&#8221;][vc_column_text]<\/p>\n<p style=\"text-align: center;\">\u00a0DE SEGUNDA A S\u00c1BADO<\/p>\n<p>[\/vc_column_text][\/vc_column_inner][vc_column_inner width=&#8221;1\/3&#8243; css=&#8221;.vc_custom_1556568173540{background-color: #f6f6f6 !important;border-radius: 5px !important;}&#8221;][vc_column_text]<\/p>\n<p style=\"text-align: center;\">\u2022 Hospital Nelson S\u00e1 Earp<br \/>\n\u2022 Upa Centro<br \/>\n\u2022 Posto de Sa\u00fade Alto da Serra<br \/>\n\u2022 Pronto Socorro Alto da Serra<br \/>\n\u2022 Upa Cascatinha<br \/>\n\u2022 Hospital Cl\u00ednico de Correas<br \/>\n\u2022 Hospital Alcides Carneiro<\/p>\n<p>[\/vc_column_text][\/vc_column_inner][vc_column_inner width=&#8221;1\/3&#8243;][\/vc_column_inner][\/vc_row_inner][\/vc_column][\/vc_row][vc_row][vc_column]<div class=\"ult-spacer spacer-69d8bea27b66a\" data-id=\"69d8bea27b66a\" data-height=\"40\" data-height-mobile=\"40\" data-height-tab=\"40\" data-height-tab-portrait=\"\" data-height-mobile-landscape=\"\" style=\"clear:both;display:block;\"><\/div>[\/vc_column][\/vc_row][vc_row][vc_column][vc_column_text]<\/p>\n<h3>Saiba como preencher o Manifesto de Res\u00edduos de Servi\u00e7os de Sa\u00fade<\/h3>\n<p><strong>Sistema de Manifesto de Res\u00edduos<\/strong>: Sistema de controle de res\u00edduos que, mediante o uso de formul\u00e1rio pr\u00f3prio, denominado MANIFESTO DE RES\u00cdDUOS, permite conhecer e controlar a forma de destina\u00e7\u00e3o dada pelo gerador, transportador e receptor de res\u00edduos.<\/p>\n<p><strong>Manifesto de Res\u00edduos<\/strong>: Formul\u00e1rio numerado a ser utilizado pelas atividades vinculadas ao Sistema de Manifesto composto de 4 vias.[\/vc_column_text][\/vc_column][\/vc_row][vc_row][vc_column]<style type=\"text\/css\" data-type=\"the7_shortcodes-inline-css\">#default-btn-1273d6861d2ffeab1585e2e4bd73386d {\n  border-radius: 5px;\n  font-size: 14px;\n  line-height: 16px;\n}\n.btn-shadow#default-btn-1273d6861d2ffeab1585e2e4bd73386d {\n  box-shadow: 0 1px 6px rgba(0,0,0,0.12);\n  transition: box-shadow 0.2s ease-out, opacity 0.45s;\n}\n.btn-shadow#default-btn-1273d6861d2ffeab1585e2e4bd73386d:hover {\n  box-shadow: 0 5px 11px 0 rgba(0,0,0,0.18), 0 4px 15px 0 rgba(0,0,0,0.15);\n}\n.btn-3d#default-btn-1273d6861d2ffeab1585e2e4bd73386d {\n  box-shadow: 0px 2px 0px 0px #d7d7d7;\n}\n.btn-3d#default-btn-1273d6861d2ffeab1585e2e4bd73386d:hover {\n  box-shadow: 0px 2px 0px 0px #d0d0d0;\n}\n.btn-flat#default-btn-1273d6861d2ffeab1585e2e4bd73386d {\n  box-shadow: none;\n}\n.btn-flat#default-btn-1273d6861d2ffeab1585e2e4bd73386d:hover {\n  box-shadow: none;\n}\n#default-btn-1273d6861d2ffeab1585e2e4bd73386d.ico-right-side > i {\n  margin-right: 0px;\n  margin-left: 8px;\n}\n#default-btn-1273d6861d2ffeab1585e2e4bd73386d > i {\n  margin-right: 8px;\n  font-size: 12px;\n}\n#default-btn-1273d6861d2ffeab1585e2e4bd73386d:not(:hover) {\n  border-width: 0px;\n  color: #000000;\n  background: #f6f6f6 !important;\n  padding: 12px 18px 12px 18px;\n}\n#default-btn-1273d6861d2ffeab1585e2e4bd73386d:not(:hover) * {\n  color: #000000;\n}\n#default-btn-1273d6861d2ffeab1585e2e4bd73386d:hover {\n  border-width: 0px;\n  color: #007e3d;\n  background: #efefef !important;\n  padding: 12px 18px 12px 18px;\n}\n#default-btn-1273d6861d2ffeab1585e2e4bd73386d:hover * {\n  color: #007e3d;\n}\n#default-btn-1273d6861d2ffeab1585e2e4bd73386d.ico-right-side > i {\n  margin-right: 0px;\n  margin-left: 8px;\n}\n#default-btn-1273d6861d2ffeab1585e2e4bd73386d > i {\n  margin-right: 8px;\n}<\/style><a href=\"http:\/\/comdep.com.br\/PDF\/FISC_COLETA_HOSPITALAR\/Instrucao_para_emissao_de_manifesto.pdf\" class=\"default-btn-shortcode dt-btn link-hover-off full-width-btn btn-inline-left btn-flat  vc_custom_1597263080619\" target=\"_blank\" id=\"default-btn-1273d6861d2ffeab1585e2e4bd73386d\" rel=\"noopener\"><span>MAIORES INFORMA\u00c7\u00d5ES SOBRE INSTRU\u00c7\u00c3O PARA CADASTRO E EMISS\u00c3O DE MANIFESTO<\/span><\/a>[\/vc_column][\/vc_row]<\/p>\n<\/section>","protected":false},"excerpt":{"rendered":"<p>[vc_row][vc_column][vc_column_text] LIXO HOSPITALAR A PREFEITURA MUNICIPAL DE PETR\u00d3POLIS, atrav\u00e9s de servi\u00e7o terceirizado \u00e0 Empresa FOR\u00c7A AMBIENTAL LTDA, coleta, transporta e d\u00e1 destina\u00e7\u00e3o final aos res\u00edduos de sa\u00fade provenientes das unidades de sa\u00fade no Munic\u00edpio de Petr\u00f3polis. Atualmente s\u00e3o recolhidos, em m\u00e9dia, 52 toneladas\/m\u00eas de Res\u00edduos de Sa\u00fade (RSS), em 238 pontos do Munic\u00edpio entre pequenos&hellip;<\/p>\n","protected":false},"author":1,"featured_media":0,"parent":0,"menu_order":0,"comment_status":"closed","ping_status":"closed","template":"","meta":{"_themeisle_gutenberg_block_has_review":false,"footnotes":""},"_links":{"self":[{"href":"https:\/\/comdep.com.br\/index.php?rest_route=\/wp\/v2\/pages\/998"}],"collection":[{"href":"https:\/\/comdep.com.br\/index.php?rest_route=\/wp\/v2\/pages"}],"about":[{"href":"https:\/\/comdep.com.br\/index.php?rest_route=\/wp\/v2\/types\/page"}],"author":[{"embeddable":true,"href":"https:\/\/comdep.com.br\/index.php?rest_route=\/wp\/v2\/users\/1"}],"replies":[{"embeddable":true,"href":"https:\/\/comdep.com.br\/index.php?rest_route=%2Fwp%2Fv2%2Fcomments&post=998"}],"version-history":[{"count":20,"href":"https:\/\/comdep.com.br\/index.php?rest_route=\/wp\/v2\/pages\/998\/revisions"}],"predecessor-version":[{"id":6284,"href":"https:\/\/comdep.com.br\/index.php?rest_route=\/wp\/v2\/pages\/998\/revisions\/6284"}],"wp:attachment":[{"href":"https:\/\/comdep.com.br\/index.php?rest_route=%2Fwp%2Fv2%2Fmedia&parent=998"}],"curies":[{"name":"wp","href":"https:\/\/api.w.org\/{rel}","templated":true}]}}